{"id":215962,"date":"2026-05-12T01:54:00","date_gmt":"2026-05-11T23:54:00","guid":{"rendered":"https:\/\/1stamerican.it\/catalogo\/unkategorisiert\/baumwolle-pique-kurzarm-drei-knoepfe-polohemd-hellblau\/"},"modified":"2026-05-12T01:54:00","modified_gmt":"2026-05-11T23:54:00","slug":"baumwolle-pique-kurzarm-drei-knoepfe-polohemd-hellblau","status":"publish","type":"product","link":"https:\/\/1stamerican.it\/de\/catalogo\/100-baumwolle-herren\/poloshirt-aus-baumwoll-pique-100-baumwolle-herren\/baumwolle-pique-kurzarm-drei-knoepfe-polohemd-hellblau\/","title":{"rendered":"Baumwolle-piqu\u00e9 kurzarm drei kn\u00f6pfe polohemd hellblau"},"content":{"rendered":"<p>Hellblaues Herrenpolohemd mit drei Kn\u00f6pfen \u2013 Baumwollpolohemd \u2013 kurz\u00e4rmeliges Polohemd 100 % Made in Italy<\/p>\n","protected":false},"excerpt":{"rendered":"<p>Hellblaues Herrenpolohemd mit drei Kn\u00f6pfen \u2013 Baumwollpolohemd \u2013 kurz\u00e4rmeliges Polohemd 100 % Made in Italy<\/p>\n","protected":false},"featured_media":215976,"template":"","meta":[],"product_brand":[],"product_cat":[2204,2223],"product_tag":[2544,2095,2094],"class_list":{"0":"post-215962","1":"product","2":"type-product","3":"status-publish","4":"has-post-thumbnail","6":"product_cat-100-baumwolle-herren","7":"product_cat-poloshirt-aus-baumwoll-pique-100-baumwolle-herren","8":"product_tag-95-baumwolle-5-elastan","9":"product_tag-baumwolle","10":"product_tag-blau-2","11":"pa_vestibilita-klassisch","13":"first","14":"instock","15":"purchasable","16":"product-type-variable"},"_links":{"self":[{"href":"https:\/\/1stamerican.it\/de\/wp-json\/wp\/v2\/product\/215962","targetHints":{"allow":["GET"]}}],"collection":[{"href":"https:\/\/1stamerican.it\/de\/wp-json\/wp\/v2\/product"}],"about":[{"href":"https:\/\/1stamerican.it\/de\/wp-json\/wp\/v2\/types\/product"}],"wp:featuredmedia":[{"embeddable":true,"href":"https:\/\/1stamerican.it\/de\/wp-json\/wp\/v2\/media\/215976"}],"wp:attachment":[{"href":"https:\/\/1stamerican.it\/de\/wp-json\/wp\/v2\/media?parent=215962"}],"wp:term":[{"taxonomy":"product_brand","embeddable":true,"href":"https:\/\/1stamerican.it\/de\/wp-json\/wp\/v2\/product_brand?post=215962"},{"taxonomy":"product_cat","embeddable":true,"href":"https:\/\/1stamerican.it\/de\/wp-json\/wp\/v2\/product_cat?post=215962"},{"taxonomy":"product_tag","embeddable":true,"href":"https:\/\/1stamerican.it\/de\/wp-json\/wp\/v2\/product_tag?post=215962"}],"curies":[{"name":"wp","href":"https:\/\/api.w.org\/{rel}","templated":true}]}}