{"id":215950,"date":"2026-05-12T01:56:15","date_gmt":"2026-05-11T23:56:15","guid":{"rendered":"https:\/\/1stamerican.it\/catalogo\/unkategorisiert\/baumwolle-pique-kurzarm-drei-knoepfe-polohemd-weiss\/"},"modified":"2026-05-12T01:56:15","modified_gmt":"2026-05-11T23:56:15","slug":"baumwolle-pique-kurzarm-drei-knoepfe-polohemd-weiss","status":"publish","type":"product","link":"https:\/\/1stamerican.it\/de\/catalogo\/100-baumwolle-herren\/poloshirt-aus-baumwoll-pique-100-baumwolle-herren\/baumwolle-pique-kurzarm-drei-knoepfe-polohemd-weiss\/","title":{"rendered":"Baumwolle-piqu\u00e9 kurzarm drei kn\u00f6pfe polohemd wei\u00df"},"content":{"rendered":"<p>Herren wei\u00dfes Polohemd mit drei Kn\u00f6pfen \u2013 Baumwollpoloshirt \u2013 kurz\u00e4rmeliges Poloshirt 100 % Made in Italy<\/p>\n","protected":false},"excerpt":{"rendered":"<p>Herren wei\u00dfes Polohemd mit drei Kn\u00f6pfen \u2013 Baumwollpoloshirt \u2013 kurz\u00e4rmeliges Poloshirt 100 % Made in Italy<\/p>\n","protected":false},"featured_media":215978,"template":"","meta":[],"product_brand":[],"product_cat":[2204,2223],"product_tag":[2544,2095,2106],"class_list":{"0":"post-215950","1":"product","2":"type-product","3":"status-publish","4":"has-post-thumbnail","6":"product_cat-100-baumwolle-herren","7":"product_cat-poloshirt-aus-baumwoll-pique-100-baumwolle-herren","8":"product_tag-95-baumwolle-5-elastan","9":"product_tag-baumwolle","10":"product_tag-weis","11":"pa_vestibilita-klassisch","13":"first","14":"instock","15":"purchasable","16":"product-type-variable"},"_links":{"self":[{"href":"https:\/\/1stamerican.it\/de\/wp-json\/wp\/v2\/product\/215950","targetHints":{"allow":["GET"]}}],"collection":[{"href":"https:\/\/1stamerican.it\/de\/wp-json\/wp\/v2\/product"}],"about":[{"href":"https:\/\/1stamerican.it\/de\/wp-json\/wp\/v2\/types\/product"}],"wp:featuredmedia":[{"embeddable":true,"href":"https:\/\/1stamerican.it\/de\/wp-json\/wp\/v2\/media\/215978"}],"wp:attachment":[{"href":"https:\/\/1stamerican.it\/de\/wp-json\/wp\/v2\/media?parent=215950"}],"wp:term":[{"taxonomy":"product_brand","embeddable":true,"href":"https:\/\/1stamerican.it\/de\/wp-json\/wp\/v2\/product_brand?post=215950"},{"taxonomy":"product_cat","embeddable":true,"href":"https:\/\/1stamerican.it\/de\/wp-json\/wp\/v2\/product_cat?post=215950"},{"taxonomy":"product_tag","embeddable":true,"href":"https:\/\/1stamerican.it\/de\/wp-json\/wp\/v2\/product_tag?post=215950"}],"curies":[{"name":"wp","href":"https:\/\/api.w.org\/{rel}","templated":true}]}}