{"id":215944,"date":"2026-05-12T01:56:28","date_gmt":"2026-05-11T23:56:28","guid":{"rendered":"https:\/\/1stamerican.it\/catalogo\/unkategorisiert\/baumwolle-pique-kurzarm-drei-knoepfe-polohemd-blau\/"},"modified":"2026-05-12T01:56:28","modified_gmt":"2026-05-11T23:56:28","slug":"baumwolle-pique-kurzarm-drei-knoepfe-polohemd-blau","status":"publish","type":"product","link":"https:\/\/1stamerican.it\/de\/catalogo\/100-baumwolle-herren\/poloshirt-aus-baumwoll-pique-100-baumwolle-herren\/baumwolle-pique-kurzarm-drei-knoepfe-polohemd-blau\/","title":{"rendered":"Baumwolle-piqu\u00e9 kurzarm drei kn\u00f6pfe polohemd blau"},"content":{"rendered":"<p>Herrenblaues Polohemd mit drei Kn\u00f6pfen \u2013 Baumwollpoloshirt \u2013 kurz\u00e4rmeliges Polohemd 100 % in Italien hergestellt<\/p>\n","protected":false},"excerpt":{"rendered":"<p>Herrenblaues Polohemd mit drei Kn\u00f6pfen \u2013 Baumwollpoloshirt \u2013 kurz\u00e4rmeliges Polohemd 100 % in Italien hergestellt<\/p>\n","protected":false},"featured_media":215969,"template":"","meta":[],"product_brand":[],"product_cat":[2223],"product_tag":[2544,2095,2070],"class_list":{"0":"post-215944","1":"product","2":"type-product","3":"status-publish","4":"has-post-thumbnail","6":"product_cat-poloshirt-aus-baumwoll-pique-100-baumwolle-herren","7":"product_tag-95-baumwolle-5-elastan","8":"product_tag-baumwolle","9":"product_tag-blau","10":"pa_vestibilita-klassisch","12":"first","13":"instock","14":"purchasable","15":"product-type-variable"},"_links":{"self":[{"href":"https:\/\/1stamerican.it\/de\/wp-json\/wp\/v2\/product\/215944","targetHints":{"allow":["GET"]}}],"collection":[{"href":"https:\/\/1stamerican.it\/de\/wp-json\/wp\/v2\/product"}],"about":[{"href":"https:\/\/1stamerican.it\/de\/wp-json\/wp\/v2\/types\/product"}],"wp:featuredmedia":[{"embeddable":true,"href":"https:\/\/1stamerican.it\/de\/wp-json\/wp\/v2\/media\/215969"}],"wp:attachment":[{"href":"https:\/\/1stamerican.it\/de\/wp-json\/wp\/v2\/media?parent=215944"}],"wp:term":[{"taxonomy":"product_brand","embeddable":true,"href":"https:\/\/1stamerican.it\/de\/wp-json\/wp\/v2\/product_brand?post=215944"},{"taxonomy":"product_cat","embeddable":true,"href":"https:\/\/1stamerican.it\/de\/wp-json\/wp\/v2\/product_cat?post=215944"},{"taxonomy":"product_tag","embeddable":true,"href":"https:\/\/1stamerican.it\/de\/wp-json\/wp\/v2\/product_tag?post=215944"}],"curies":[{"name":"wp","href":"https:\/\/api.w.org\/{rel}","templated":true}]}}