{"id":215788,"date":"2026-05-05T02:00:37","date_gmt":"2026-05-05T00:00:37","guid":{"rendered":"https:\/\/1stamerican.it\/catalogo\/unkategorisiert\/100-baumwoll-jersey-rundhals-t-shirt-kurzaermeln-weiss\/"},"modified":"2026-05-05T02:00:37","modified_gmt":"2026-05-05T00:00:37","slug":"100-baumwoll-jersey-rundhals-t-shirt-kurzaermeln-weiss","status":"publish","type":"product","link":"https:\/\/1stamerican.it\/de\/catalogo\/100-baumwolle-herren\/t-shirt-aus-baumwoll-jersey-100-baumwolle-herren\/100-baumwoll-jersey-rundhals-t-shirt-kurzaermeln-weiss\/","title":{"rendered":"100% Baumwoll-jersey rundhals t-shirt kurz\u00e4rmeln wei\u00df"},"content":{"rendered":"<p>Herren-T-Shirt mit Crewneck aus 100 % italienischer Baumwolljersey, 100 % Baumwoll-T-Shirt, Halb\u00e4rmel-T-Shirt, ideal unter der Unterjacke, kurz\u00e4rmeliges T-Shirt aus reiner Bio-Baumwolle, sehr saugf\u00e4hig und atmungsaktiv.<\/p>\n","protected":false},"excerpt":{"rendered":"<p>Herren-T-Shirt mit Crewneck aus 100 % italienischer Baumwolljersey, 100 % Baumwoll-T-Shirt, Halb\u00e4rmel-T-Shirt, ideal unter der Unterjacke, kurz\u00e4rmeliges T-Shirt aus reiner Bio-Baumwolle, sehr saugf\u00e4hig und atmungsaktiv.<\/p>\n","protected":false},"featured_media":215774,"template":"","meta":[],"product_brand":[],"product_cat":[2204,2215],"product_tag":[2093,2095,2106],"class_list":{"0":"post-215788","1":"product","2":"type-product","3":"status-publish","4":"has-post-thumbnail","6":"product_cat-100-baumwolle-herren","7":"product_cat-t-shirt-aus-baumwoll-jersey-100-baumwolle-herren","8":"product_tag-100-baumwolle","9":"product_tag-baumwolle","10":"product_tag-weis","11":"pa_vestibilita-klassisch","13":"first","14":"instock","15":"purchasable","16":"product-type-variable"},"_links":{"self":[{"href":"https:\/\/1stamerican.it\/de\/wp-json\/wp\/v2\/product\/215788","targetHints":{"allow":["GET"]}}],"collection":[{"href":"https:\/\/1stamerican.it\/de\/wp-json\/wp\/v2\/product"}],"about":[{"href":"https:\/\/1stamerican.it\/de\/wp-json\/wp\/v2\/types\/product"}],"wp:featuredmedia":[{"embeddable":true,"href":"https:\/\/1stamerican.it\/de\/wp-json\/wp\/v2\/media\/215774"}],"wp:attachment":[{"href":"https:\/\/1stamerican.it\/de\/wp-json\/wp\/v2\/media?parent=215788"}],"wp:term":[{"taxonomy":"product_brand","embeddable":true,"href":"https:\/\/1stamerican.it\/de\/wp-json\/wp\/v2\/product_brand?post=215788"},{"taxonomy":"product_cat","embeddable":true,"href":"https:\/\/1stamerican.it\/de\/wp-json\/wp\/v2\/product_cat?post=215788"},{"taxonomy":"product_tag","embeddable":true,"href":"https:\/\/1stamerican.it\/de\/wp-json\/wp\/v2\/product_tag?post=215788"}],"curies":[{"name":"wp","href":"https:\/\/api.w.org\/{rel}","templated":true}]}}