{"id":214175,"date":"2026-04-29T04:00:02","date_gmt":"2026-04-29T02:00:02","guid":{"rendered":"https:\/\/1stamerican.it\/catalogo\/unkategorisiert\/weisses-100-kurzaermeliges-leinen-jersey-t-shirt-mit-kurzaermligem-rundhalsausschnitt\/"},"modified":"2026-05-04T14:48:57","modified_gmt":"2026-05-04T12:48:57","slug":"weisses-100-kurzaermeliges-leinen-jersey-t-shirt-mit-kurzaermligem-rundhalsausschnitt","status":"publish","type":"product","link":"https:\/\/1stamerican.it\/de\/catalogo\/100-leinen-herren\/t-shirt-aus-leinen-jersey-100-leinen-herren\/weisses-100-kurzaermeliges-leinen-jersey-t-shirt-mit-kurzaermligem-rundhalsausschnitt\/","title":{"rendered":"100% Leinen jersey kurz\u00e4rmeliger rundhals t-shirt wei\u00df"},"content":{"rendered":"<p>Herren-T-Shirt mit kurz\u00e4rmligem Rundhals aus 100 % italienischem Leinenjersey \u2013 100 % italienischer Leinen \u2013 Reines Leinen-Kurz\u00e4rmel-T-Shirt \u2013 100 % Made in Italy<\/p>\n","protected":false},"excerpt":{"rendered":"<p>Herren-T-Shirt mit kurz\u00e4rmligem Rundhalskragen aus 100% italienischem Leinenjersey \u2013 Kurz\u00e4rmel-T-Shirt aus reinem Leinen, in Italien hergestellt, sehr saugf\u00e4hig und atmungsaktiv<\/p>\n","protected":false},"featured_media":205978,"template":"","meta":[],"product_brand":[],"product_cat":[2206],"product_tag":[2128,2129,2106],"class_list":{"0":"post-214175","1":"product","2":"type-product","3":"status-publish","4":"has-post-thumbnail","6":"product_cat-t-shirt-aus-leinen-jersey-100-leinen-herren","7":"product_tag-100-leinen","8":"product_tag-flachs","9":"product_tag-weis","10":"pa_vestibilita-klassisch","12":"first","13":"instock","14":"purchasable","15":"product-type-variable"},"_links":{"self":[{"href":"https:\/\/1stamerican.it\/de\/wp-json\/wp\/v2\/product\/214175","targetHints":{"allow":["GET"]}}],"collection":[{"href":"https:\/\/1stamerican.it\/de\/wp-json\/wp\/v2\/product"}],"about":[{"href":"https:\/\/1stamerican.it\/de\/wp-json\/wp\/v2\/types\/product"}],"wp:featuredmedia":[{"embeddable":true,"href":"https:\/\/1stamerican.it\/de\/wp-json\/wp\/v2\/media\/205978"}],"wp:attachment":[{"href":"https:\/\/1stamerican.it\/de\/wp-json\/wp\/v2\/media?parent=214175"}],"wp:term":[{"taxonomy":"product_brand","embeddable":true,"href":"https:\/\/1stamerican.it\/de\/wp-json\/wp\/v2\/product_brand?post=214175"},{"taxonomy":"product_cat","embeddable":true,"href":"https:\/\/1stamerican.it\/de\/wp-json\/wp\/v2\/product_cat?post=214175"},{"taxonomy":"product_tag","embeddable":true,"href":"https:\/\/1stamerican.it\/de\/wp-json\/wp\/v2\/product_tag?post=214175"}],"curies":[{"name":"wp","href":"https:\/\/api.w.org\/{rel}","templated":true}]}}