{"id":214016,"date":"2026-04-29T01:25:02","date_gmt":"2026-04-28T23:25:02","guid":{"rendered":"https:\/\/1stamerican.it\/catalogo\/unkategorisiert\/100-leinen-v-ausschnitt-hemd-ohne-knoepfe-langaermeliges-weisses-hemd\/"},"modified":"2026-05-04T17:48:23","modified_gmt":"2026-05-04T15:48:23","slug":"100-leinen-v-ausschnitt-hemd-ohne-knoepfe-langaermeliges-weisses-hemd","status":"publish","type":"product","link":"https:\/\/1stamerican.it\/de\/catalogo\/100-leinen-herren\/langarm-hemden-100-leinen-herren\/100-leinen-v-ausschnitt-hemd-ohne-knoepfe-langaermeliges-weisses-hemd\/","title":{"rendered":"100% Leinen V-Ausschnitt ohne knopfen langen \u00e4rmeln wei\u00df"},"content":{"rendered":"<p>Herrenhemd ohne Kn\u00f6pfe \u2013 100% Leinenhemd \u2013 lang\u00e4rmliges V-Ausschnitthemd 100% in Italien hergestellt, leicht, atmungsaktiv und elegant f\u00fcr den Sommer<\/p>\n","protected":false},"excerpt":{"rendered":"<p>Herrenhemd ohne Kn\u00f6pfe \u2013 100% Leinenhemd \u2013 lang\u00e4rmliges V-Ausschnitthemd 100% in Italien hergestellt, leicht, atmungsaktiv und elegant f\u00fcr den Sommer<\/p>\n","protected":false},"featured_media":215891,"template":"","meta":[],"product_brand":[],"product_cat":[2185,2196],"product_tag":[2128,2129,2106],"class_list":{"0":"post-214016","1":"product","2":"type-product","3":"status-publish","4":"has-post-thumbnail","6":"product_cat-100-leinen-herren","7":"product_cat-langarm-hemden-100-leinen-herren","8":"product_tag-100-leinen","9":"product_tag-flachs","10":"product_tag-weis","11":"pa_vestibilita-regelmasig","13":"first","14":"instock","15":"purchasable","16":"product-type-variable"},"_links":{"self":[{"href":"https:\/\/1stamerican.it\/de\/wp-json\/wp\/v2\/product\/214016","targetHints":{"allow":["GET"]}}],"collection":[{"href":"https:\/\/1stamerican.it\/de\/wp-json\/wp\/v2\/product"}],"about":[{"href":"https:\/\/1stamerican.it\/de\/wp-json\/wp\/v2\/types\/product"}],"wp:featuredmedia":[{"embeddable":true,"href":"https:\/\/1stamerican.it\/de\/wp-json\/wp\/v2\/media\/215891"}],"wp:attachment":[{"href":"https:\/\/1stamerican.it\/de\/wp-json\/wp\/v2\/media?parent=214016"}],"wp:term":[{"taxonomy":"product_brand","embeddable":true,"href":"https:\/\/1stamerican.it\/de\/wp-json\/wp\/v2\/product_brand?post=214016"},{"taxonomy":"product_cat","embeddable":true,"href":"https:\/\/1stamerican.it\/de\/wp-json\/wp\/v2\/product_cat?post=214016"},{"taxonomy":"product_tag","embeddable":true,"href":"https:\/\/1stamerican.it\/de\/wp-json\/wp\/v2\/product_tag?post=214016"}],"curies":[{"name":"wp","href":"https:\/\/api.w.org\/{rel}","templated":true}]}}