{"id":213941,"date":"2026-04-29T01:28:24","date_gmt":"2026-04-28T23:28:24","guid":{"rendered":"https:\/\/1stamerican.it\/catalogo\/unkategorisiert\/100-leinen-v-ausschnitt-ohne-knopfen-mit-langaermligen-gruenen\/"},"modified":"2026-05-04T17:48:25","modified_gmt":"2026-05-04T15:48:25","slug":"100-leinen-v-ausschnitt-ohne-knopfen-mit-langaermligen-gruenen","status":"publish","type":"product","link":"https:\/\/1stamerican.it\/de\/catalogo\/100-leinen-herren\/langarm-hemden-100-leinen-herren\/100-leinen-v-ausschnitt-ohne-knopfen-mit-langaermligen-gruenen\/","title":{"rendered":"100% Leinen V-Ausschnitt ohne knopfen langen \u00e4rmeln gr\u00fcn"},"content":{"rendered":"<p>Herrenhemd ohne Kn\u00f6pfe \u2013 100% Leinenhemd \u2013 lang\u00e4rmliges V-Ausschnitthemd 100% in Italien hergestellt, leicht, atmungsaktiv und elegant f\u00fcr den Sommer<\/p>\n","protected":false},"excerpt":{"rendered":"<p>Herrenhemd ohne Kn\u00f6pfe \u2013 100% Leinenhemd \u2013 lang\u00e4rmliges V-Ausschnitthemd 100% in Italien hergestellt, leicht, atmungsaktiv und elegant f\u00fcr den Sommer<\/p>\n","protected":false},"featured_media":215888,"template":"","meta":[],"product_brand":[],"product_cat":[2185,2196],"product_tag":[2128,2129,2038],"class_list":{"0":"post-213941","1":"product","2":"type-product","3":"status-publish","4":"has-post-thumbnail","6":"product_cat-100-leinen-herren","7":"product_cat-langarm-hemden-100-leinen-herren","8":"product_tag-100-leinen","9":"product_tag-flachs","10":"product_tag-grun","11":"pa_vestibilita-regelmasig","13":"first","14":"instock","15":"purchasable","16":"product-type-variable"},"_links":{"self":[{"href":"https:\/\/1stamerican.it\/de\/wp-json\/wp\/v2\/product\/213941","targetHints":{"allow":["GET"]}}],"collection":[{"href":"https:\/\/1stamerican.it\/de\/wp-json\/wp\/v2\/product"}],"about":[{"href":"https:\/\/1stamerican.it\/de\/wp-json\/wp\/v2\/types\/product"}],"wp:featuredmedia":[{"embeddable":true,"href":"https:\/\/1stamerican.it\/de\/wp-json\/wp\/v2\/media\/215888"}],"wp:attachment":[{"href":"https:\/\/1stamerican.it\/de\/wp-json\/wp\/v2\/media?parent=213941"}],"wp:term":[{"taxonomy":"product_brand","embeddable":true,"href":"https:\/\/1stamerican.it\/de\/wp-json\/wp\/v2\/product_brand?post=213941"},{"taxonomy":"product_cat","embeddable":true,"href":"https:\/\/1stamerican.it\/de\/wp-json\/wp\/v2\/product_cat?post=213941"},{"taxonomy":"product_tag","embeddable":true,"href":"https:\/\/1stamerican.it\/de\/wp-json\/wp\/v2\/product_tag?post=213941"}],"curies":[{"name":"wp","href":"https:\/\/api.w.org\/{rel}","templated":true}]}}