{"id":212849,"date":"2026-04-29T02:41:30","date_gmt":"2026-04-29T00:41:30","guid":{"rendered":"https:\/\/1stamerican.it\/catalogo\/unkategorisiert\/kaschmirseiden-polohemd-mit-drei-knoepfen-langaermlig-verbrannt\/"},"modified":"2026-05-04T15:44:13","modified_gmt":"2026-05-04T13:44:13","slug":"kaschmirseiden-polohemd-mit-drei-knoepfen-langaermlig-verbrannt","status":"publish","type":"product","link":"https:\/\/1stamerican.it\/de\/catalogo\/kaschmir-seide-herren\/langarm-poloshirt-kaschmir-seide-herren\/kaschmirseiden-polohemd-mit-drei-knoepfen-langaermlig-verbrannt\/","title":{"rendered":"Kaschmir seide langen \u00e4rmeln polohemd mit drei kn\u00f6pfe rostrot"},"content":{"rendered":"<p>Herren Kaschmir-Seidenpolohemd mit langen \u00c4rmeln und Seidenpolo \u2013 Seraph-Kragen-Poloshirt mit 3 Kn\u00f6pfen<\/p>\n","protected":false},"excerpt":{"rendered":"<p>Herren Kaschmir-Seidenpolohemd mit langen \u00c4rmeln und Seidenpolo \u2013 Seraph-Kragen-Poloshirt mit 3 Kn\u00f6pfen<\/p>\n","protected":false},"featured_media":212755,"template":"","meta":[],"product_brand":[],"product_cat":[2030,2033],"product_tag":[2035,2034,2161],"class_list":{"0":"post-212849","1":"product","2":"type-product","3":"status-publish","4":"has-post-thumbnail","6":"product_cat-kaschmir-seide-herren","7":"product_cat-langarm-poloshirt-kaschmir-seide-herren","8":"product_tag-45-kaschmir-55-seide","9":"product_tag-kaschmir-und-seide","10":"product_tag-verbrannt","11":"pa_vestibilita-klassisch","13":"first","14":"instock","15":"sale","16":"purchasable","17":"product-type-variable"},"_links":{"self":[{"href":"https:\/\/1stamerican.it\/de\/wp-json\/wp\/v2\/product\/212849","targetHints":{"allow":["GET"]}}],"collection":[{"href":"https:\/\/1stamerican.it\/de\/wp-json\/wp\/v2\/product"}],"about":[{"href":"https:\/\/1stamerican.it\/de\/wp-json\/wp\/v2\/types\/product"}],"wp:featuredmedia":[{"embeddable":true,"href":"https:\/\/1stamerican.it\/de\/wp-json\/wp\/v2\/media\/212755"}],"wp:attachment":[{"href":"https:\/\/1stamerican.it\/de\/wp-json\/wp\/v2\/media?parent=212849"}],"wp:term":[{"taxonomy":"product_brand","embeddable":true,"href":"https:\/\/1stamerican.it\/de\/wp-json\/wp\/v2\/product_brand?post=212849"},{"taxonomy":"product_cat","embeddable":true,"href":"https:\/\/1stamerican.it\/de\/wp-json\/wp\/v2\/product_cat?post=212849"},{"taxonomy":"product_tag","embeddable":true,"href":"https:\/\/1stamerican.it\/de\/wp-json\/wp\/v2\/product_tag?post=212849"}],"curies":[{"name":"wp","href":"https:\/\/api.w.org\/{rel}","templated":true}]}}