{"id":212754,"date":"2026-04-29T02:41:14","date_gmt":"2026-04-29T00:41:14","guid":{"rendered":"https:\/\/1stamerican.it\/catalogo\/unkategorisiert\/kaschmirseiden-poloshirt-mit-drei-knoepfen-langaermeliges-mittelblau\/"},"modified":"2026-05-04T15:47:51","modified_gmt":"2026-05-04T13:47:51","slug":"kaschmirseiden-poloshirt-mit-drei-knoepfen-langaermeliges-mittelblau","status":"publish","type":"product","link":"https:\/\/1stamerican.it\/de\/catalogo\/kaschmir-seide-herren\/langarm-poloshirt-kaschmir-seide-herren\/kaschmirseiden-poloshirt-mit-drei-knoepfen-langaermeliges-mittelblau\/","title":{"rendered":"Kaschmir seide langen \u00e4rmeln polohemd mit drei kn\u00f6pfe mittelblau"},"content":{"rendered":"<p>Herren Kaschmir-Seidenpolohemd mit langen \u00c4rmeln und Seidenpolo \u2013 Seraph-Kragen-Poloshirt mit 3 Kn\u00f6pfen<\/p>\n","protected":false},"excerpt":{"rendered":"<p>Herren Kaschmir-Seidenpolohemd mit langen \u00c4rmeln und Seidenpolo \u2013 Seraph-Kragen-Poloshirt mit 3 Kn\u00f6pfen<\/p>\n","protected":false},"featured_media":212752,"template":"","meta":[],"product_brand":[],"product_cat":[2514,2033,2521],"product_tag":[2035,2034,2491],"class_list":{"0":"post-212754","1":"product","2":"type-product","3":"status-publish","4":"has-post-thumbnail","6":"product_cat-kaschmir-ultraseide-herren","7":"product_cat-langarm-poloshirt-kaschmir-seide-herren","8":"product_cat-langarm-poloshirt-kaschmir-ultraseide-herren","9":"product_tag-45-kaschmir-55-seide","10":"product_tag-kaschmir-und-seide","11":"product_tag-mittelblau","12":"pa_vestibilita-klassisch","14":"first","15":"instock","16":"sale","17":"purchasable","18":"product-type-variable"},"_links":{"self":[{"href":"https:\/\/1stamerican.it\/de\/wp-json\/wp\/v2\/product\/212754","targetHints":{"allow":["GET"]}}],"collection":[{"href":"https:\/\/1stamerican.it\/de\/wp-json\/wp\/v2\/product"}],"about":[{"href":"https:\/\/1stamerican.it\/de\/wp-json\/wp\/v2\/types\/product"}],"wp:featuredmedia":[{"embeddable":true,"href":"https:\/\/1stamerican.it\/de\/wp-json\/wp\/v2\/media\/212752"}],"wp:attachment":[{"href":"https:\/\/1stamerican.it\/de\/wp-json\/wp\/v2\/media?parent=212754"}],"wp:term":[{"taxonomy":"product_brand","embeddable":true,"href":"https:\/\/1stamerican.it\/de\/wp-json\/wp\/v2\/product_brand?post=212754"},{"taxonomy":"product_cat","embeddable":true,"href":"https:\/\/1stamerican.it\/de\/wp-json\/wp\/v2\/product_cat?post=212754"},{"taxonomy":"product_tag","embeddable":true,"href":"https:\/\/1stamerican.it\/de\/wp-json\/wp\/v2\/product_tag?post=212754"}],"curies":[{"name":"wp","href":"https:\/\/api.w.org\/{rel}","templated":true}]}}