{"id":212705,"date":"2026-04-29T00:52:27","date_gmt":"2026-04-28T22:52:27","guid":{"rendered":"https:\/\/1stamerican.it\/catalogo\/unkategorisiert\/polo-jacke-kaschmir-mouline-mit-drei-straengen-mit-voller-reissverschluss-langaermlig-pink\/"},"modified":"2026-05-04T17:50:35","modified_gmt":"2026-05-04T15:50:35","slug":"polo-jacke-kaschmir-mouline-mit-drei-straengen-mit-voller-reissverschluss-langaermlig-pink","status":"publish","type":"product","link":"https:\/\/1stamerican.it\/de\/catalogo\/kaschmir-wolle-herren\/cardigan-kaschmir-wolle-herren\/polo-jacke-kaschmir-mouline-mit-drei-straengen-mit-voller-reissverschluss-langaermlig-pink\/","title":{"rendered":"Kaschmir moulin\u00e8 dreif\u00e4dig polo-jacke mit rei\u00dfverschluss pink"},"content":{"rendered":"<p>Herren-Polo-Jacke aus Kaschmir, Mouline mit drei Str\u00e4ngen, lang\u00e4rmliges Polo-Jackett mit langen \u00c4rmeln und Taschen, Winter, 100 % Made in Italy<\/p>\n","protected":false},"excerpt":{"rendered":"<p>Herren-Polo-Jacke aus Kaschmir, Mouline mit drei Str\u00e4ngen, lang\u00e4rmliges Polo-Jackett mit langen \u00c4rmeln und Taschen, Winter, 100 % Made in Italy<\/p>\n","protected":false},"featured_media":212703,"template":"","meta":[],"product_brand":[],"product_cat":[2063,2049],"product_tag":[2423,2031,2137],"class_list":{"0":"post-212705","1":"product","2":"type-product","3":"status-publish","4":"has-post-thumbnail","6":"product_cat-cardigan-kaschmir-wolle-herren","7":"product_cat-kaschmir-wolle-herren","8":"product_tag-50-merinowolle-20-viskose-20-kaschmir-10-polyamid","9":"product_tag-kaschmir-und-wolle","10":"product_tag-rose","11":"pa_vestibilita-klassisch","13":"first","14":"instock","15":"sale","16":"purchasable","17":"product-type-variable"},"_links":{"self":[{"href":"https:\/\/1stamerican.it\/de\/wp-json\/wp\/v2\/product\/212705","targetHints":{"allow":["GET"]}}],"collection":[{"href":"https:\/\/1stamerican.it\/de\/wp-json\/wp\/v2\/product"}],"about":[{"href":"https:\/\/1stamerican.it\/de\/wp-json\/wp\/v2\/types\/product"}],"wp:featuredmedia":[{"embeddable":true,"href":"https:\/\/1stamerican.it\/de\/wp-json\/wp\/v2\/media\/212703"}],"wp:attachment":[{"href":"https:\/\/1stamerican.it\/de\/wp-json\/wp\/v2\/media?parent=212705"}],"wp:term":[{"taxonomy":"product_brand","embeddable":true,"href":"https:\/\/1stamerican.it\/de\/wp-json\/wp\/v2\/product_brand?post=212705"},{"taxonomy":"product_cat","embeddable":true,"href":"https:\/\/1stamerican.it\/de\/wp-json\/wp\/v2\/product_cat?post=212705"},{"taxonomy":"product_tag","embeddable":true,"href":"https:\/\/1stamerican.it\/de\/wp-json\/wp\/v2\/product_tag?post=212705"}],"curies":[{"name":"wp","href":"https:\/\/api.w.org\/{rel}","templated":true}]}}