{"id":212522,"date":"2026-04-29T02:52:18","date_gmt":"2026-04-29T00:52:18","guid":{"rendered":"https:\/\/1stamerican.it\/catalogo\/unkategorisiert\/100-kaschmir-dreilagige-strickjacke-mit-hellgrauen-knoepfen\/"},"modified":"2026-05-04T15:25:24","modified_gmt":"2026-05-04T13:25:24","slug":"100-kaschmir-dreilagige-strickjacke-mit-hellgrauen-knoepfen","status":"publish","type":"product","link":"https:\/\/1stamerican.it\/de\/catalogo\/100-kaschmir-herren\/cardigan-100-kaschmir-herren\/100-kaschmir-dreilagige-strickjacke-mit-hellgrauen-knoepfen\/","title":{"rendered":"100% kaschmir dreif\u00e4dig strickjacke mit kn\u00f6pfen hellgrauen"},"content":{"rendered":"<p>Herrencardigan, 100 % Kaschmir, lang\u00e4rmelliger, reiner italienischer Kaschmirpullover, dreistr\u00e4ngiger Kaschmirpullover mit Kn\u00f6pfen, 100 % Made in Italy<\/p>\n","protected":false},"excerpt":{"rendered":"<p>Herrencardigan, 100 % Kaschmir, lang\u00e4rmelliger, reiner italienischer Kaschmirpullover, dreistr\u00e4ngiger Kaschmirpullover mit Kn\u00f6pfen, 100 % Made in Italy<\/p>\n","protected":false},"featured_media":212520,"template":"","meta":[],"product_brand":[],"product_cat":[2083,2073,2074],"product_tag":[2076,2075,2118],"class_list":{"0":"post-212522","1":"product","2":"type-product","3":"status-publish","4":"has-post-thumbnail","6":"product_cat-100-kaschmir-dreifaedig","7":"product_cat-100-kaschmir-herren","8":"product_cat-cardigan-100-kaschmir-herren","9":"product_tag-100-kaschmir","10":"product_tag-kaschmir","11":"product_tag-lichtgrau","12":"pa_vestibilita-klassisch","14":"first","15":"instock","16":"sale","17":"purchasable","18":"product-type-variable"},"_links":{"self":[{"href":"https:\/\/1stamerican.it\/de\/wp-json\/wp\/v2\/product\/212522","targetHints":{"allow":["GET"]}}],"collection":[{"href":"https:\/\/1stamerican.it\/de\/wp-json\/wp\/v2\/product"}],"about":[{"href":"https:\/\/1stamerican.it\/de\/wp-json\/wp\/v2\/types\/product"}],"wp:featuredmedia":[{"embeddable":true,"href":"https:\/\/1stamerican.it\/de\/wp-json\/wp\/v2\/media\/212520"}],"wp:attachment":[{"href":"https:\/\/1stamerican.it\/de\/wp-json\/wp\/v2\/media?parent=212522"}],"wp:term":[{"taxonomy":"product_brand","embeddable":true,"href":"https:\/\/1stamerican.it\/de\/wp-json\/wp\/v2\/product_brand?post=212522"},{"taxonomy":"product_cat","embeddable":true,"href":"https:\/\/1stamerican.it\/de\/wp-json\/wp\/v2\/product_cat?post=212522"},{"taxonomy":"product_tag","embeddable":true,"href":"https:\/\/1stamerican.it\/de\/wp-json\/wp\/v2\/product_tag?post=212522"}],"curies":[{"name":"wp","href":"https:\/\/api.w.org\/{rel}","templated":true}]}}