{"id":210394,"date":"2026-04-29T01:24:32","date_gmt":"2026-04-28T23:24:32","guid":{"rendered":"https:\/\/1stamerican.it\/catalogo\/unkategorisiert\/herrenhemd-100-leinen-v-ausschnitt-ohne-knoepfe-langarm-aquagruen\/"},"modified":"2026-05-04T17:53:28","modified_gmt":"2026-05-04T15:53:28","slug":"herrenhemd-100-leinen-v-ausschnitt-ohne-knoepfe-langarm-aquagruen","status":"publish","type":"product","link":"https:\/\/1stamerican.it\/de\/catalogo\/100-leinen-herren\/langarm-hemden-100-leinen-herren\/herrenhemd-100-leinen-v-ausschnitt-ohne-knoepfe-langarm-aquagruen\/","title":{"rendered":"100% Leinen V-Ausschnitt ohne knopfen langen \u00e4rmeln aquagr\u00fcn"},"content":{"rendered":"<p>Herrenhemd ohne Kn\u00f6pfe \u2013 100% Leinenhemd \u2013 lang\u00e4rmliges V-Ausschnitthemd 100% in Italien hergestellt, leicht, atmungsaktiv und elegant f\u00fcr den Sommer<\/p>\n","protected":false},"excerpt":{"rendered":"<p>Herrenhemd ohne Kn\u00f6pfe \u2013 100% Leinenhemd \u2013 lang\u00e4rmliges V-Ausschnitthemd 100% in Italien hergestellt, leicht, atmungsaktiv und elegant f\u00fcr den Sommer<\/p>\n","protected":false},"featured_media":207871,"template":"","meta":[],"product_brand":[],"product_cat":[2196],"product_tag":[2128,2129,2409],"class_list":{"0":"post-210394","1":"product","2":"type-product","3":"status-publish","4":"has-post-thumbnail","6":"product_cat-langarm-hemden-100-leinen-herren","7":"product_tag-100-leinen","8":"product_tag-flachs","9":"product_tag-krickente","10":"pa_vestibilita-regelmasig","12":"first","13":"instock","14":"purchasable","15":"product-type-variable"},"_links":{"self":[{"href":"https:\/\/1stamerican.it\/de\/wp-json\/wp\/v2\/product\/210394","targetHints":{"allow":["GET"]}}],"collection":[{"href":"https:\/\/1stamerican.it\/de\/wp-json\/wp\/v2\/product"}],"about":[{"href":"https:\/\/1stamerican.it\/de\/wp-json\/wp\/v2\/types\/product"}],"wp:featuredmedia":[{"embeddable":true,"href":"https:\/\/1stamerican.it\/de\/wp-json\/wp\/v2\/media\/207871"}],"wp:attachment":[{"href":"https:\/\/1stamerican.it\/de\/wp-json\/wp\/v2\/media?parent=210394"}],"wp:term":[{"taxonomy":"product_brand","embeddable":true,"href":"https:\/\/1stamerican.it\/de\/wp-json\/wp\/v2\/product_brand?post=210394"},{"taxonomy":"product_cat","embeddable":true,"href":"https:\/\/1stamerican.it\/de\/wp-json\/wp\/v2\/product_cat?post=210394"},{"taxonomy":"product_tag","embeddable":true,"href":"https:\/\/1stamerican.it\/de\/wp-json\/wp\/v2\/product_tag?post=210394"}],"curies":[{"name":"wp","href":"https:\/\/api.w.org\/{rel}","templated":true}]}}