{"id":209849,"date":"2026-04-29T02:08:46","date_gmt":"2026-04-29T00:08:46","guid":{"rendered":"https:\/\/1stamerican.it\/catalogo\/unkategorisiert\/ultraleichte-aermellose-herren-daunenjacke-armeegruen\/"},"modified":"2026-05-04T17:17:16","modified_gmt":"2026-05-04T15:17:16","slug":"ultraleichte-aermellose-herren-daunenjacke-armeegruen","status":"publish","type":"product","link":"https:\/\/1stamerican.it\/de\/catalogo\/oberbekleidung-herren\/weste-100-gramm-oberbekleidung-herren\/ultraleichte-aermellose-herren-daunenjacke-armeegruen\/","title":{"rendered":"Daunen ultraleichte jacke \u00e4rmellose schwarz gr\u00fcn army"},"content":{"rendered":"<p>Ultraleichte \u00e4rmellose Daunenjacke f\u00fcr Herren &#8211; Weste 100 Gramm<\/p>\n","protected":false},"excerpt":{"rendered":"<p>Ultraleichte \u00e4rmellose Daunenjacke f\u00fcr Herren &#8211; Weste 100 Gramm<\/p>\n","protected":false},"featured_media":204192,"template":"","meta":[],"product_brand":[],"product_cat":[2055,2213],"product_tag":[2416,2396],"class_list":{"0":"post-209849","1":"product","2":"type-product","3":"status-publish","4":"has-post-thumbnail","6":"product_cat-oberbekleidung-herren","7":"product_cat-weste-100-gramm-oberbekleidung-herren","8":"product_tag-100-nylon","9":"product_tag-armee","10":"pa_vestibilita-klassisch","12":"first","13":"instock","14":"sale","15":"purchasable","16":"product-type-variable"},"_links":{"self":[{"href":"https:\/\/1stamerican.it\/de\/wp-json\/wp\/v2\/product\/209849","targetHints":{"allow":["GET"]}}],"collection":[{"href":"https:\/\/1stamerican.it\/de\/wp-json\/wp\/v2\/product"}],"about":[{"href":"https:\/\/1stamerican.it\/de\/wp-json\/wp\/v2\/types\/product"}],"wp:featuredmedia":[{"embeddable":true,"href":"https:\/\/1stamerican.it\/de\/wp-json\/wp\/v2\/media\/204192"}],"wp:attachment":[{"href":"https:\/\/1stamerican.it\/de\/wp-json\/wp\/v2\/media?parent=209849"}],"wp:term":[{"taxonomy":"product_brand","embeddable":true,"href":"https:\/\/1stamerican.it\/de\/wp-json\/wp\/v2\/product_brand?post=209849"},{"taxonomy":"product_cat","embeddable":true,"href":"https:\/\/1stamerican.it\/de\/wp-json\/wp\/v2\/product_cat?post=209849"},{"taxonomy":"product_tag","embeddable":true,"href":"https:\/\/1stamerican.it\/de\/wp-json\/wp\/v2\/product_tag?post=209849"}],"curies":[{"name":"wp","href":"https:\/\/api.w.org\/{rel}","templated":true}]}}