{"id":209782,"date":"2026-04-29T03:06:01","date_gmt":"2026-04-29T01:06:01","guid":{"rendered":"https:\/\/1stamerican.it\/catalogo\/unkategorisiert\/ultraleichte-herren-langarm-daunenjacke-schwarz\/"},"modified":"2026-05-04T15:26:15","modified_gmt":"2026-05-04T13:26:15","slug":"ultraleichte-herren-langarm-daunenjacke-schwarz","status":"publish","type":"product","link":"https:\/\/1stamerican.it\/de\/catalogo\/oberbekleidung-herren\/daunen-jacken-100-gramm-oberbekleidung-herren\/ultraleichte-herren-langarm-daunenjacke-schwarz\/","title":{"rendered":"Daunen ultraleichte jacke mit langen \u00e4rmeln schwarz"},"content":{"rendered":"<p>Ultraleichte lang\u00e4rmelige Daunenjacke f\u00fcr Herren &#8211; 100 Gramm Daunenjacke mit Logo-Badge auf der Schulter<\/p>\n","protected":false},"excerpt":{"rendered":"<p>Ultraleichte lang\u00e4rmelige Daunenjacke f\u00fcr Herren &#8211; 100 Gramm Daunenjacke mit Logo-Badge auf der Schulter<\/p>\n","protected":false},"featured_media":204189,"template":"","meta":[],"product_brand":[],"product_cat":[2212,2055],"product_tag":[2060],"class_list":{"0":"post-209782","1":"product","2":"type-product","3":"status-publish","4":"has-post-thumbnail","6":"product_cat-daunen-jacken-100-gramm-oberbekleidung-herren","7":"product_cat-oberbekleidung-herren","8":"product_tag-schwarz","9":"pa_vestibilita-klassisch","11":"first","12":"instock","13":"sale","14":"purchasable","15":"product-type-variable"},"_links":{"self":[{"href":"https:\/\/1stamerican.it\/de\/wp-json\/wp\/v2\/product\/209782","targetHints":{"allow":["GET"]}}],"collection":[{"href":"https:\/\/1stamerican.it\/de\/wp-json\/wp\/v2\/product"}],"about":[{"href":"https:\/\/1stamerican.it\/de\/wp-json\/wp\/v2\/types\/product"}],"wp:featuredmedia":[{"embeddable":true,"href":"https:\/\/1stamerican.it\/de\/wp-json\/wp\/v2\/media\/204189"}],"wp:attachment":[{"href":"https:\/\/1stamerican.it\/de\/wp-json\/wp\/v2\/media?parent=209782"}],"wp:term":[{"taxonomy":"product_brand","embeddable":true,"href":"https:\/\/1stamerican.it\/de\/wp-json\/wp\/v2\/product_brand?post=209782"},{"taxonomy":"product_cat","embeddable":true,"href":"https:\/\/1stamerican.it\/de\/wp-json\/wp\/v2\/product_cat?post=209782"},{"taxonomy":"product_tag","embeddable":true,"href":"https:\/\/1stamerican.it\/de\/wp-json\/wp\/v2\/product_tag?post=209782"}],"curies":[{"name":"wp","href":"https:\/\/api.w.org\/{rel}","templated":true}]}}