{"id":209717,"date":"2026-04-29T02:12:32","date_gmt":"2026-04-29T00:12:32","guid":{"rendered":"https:\/\/1stamerican.it\/catalogo\/unkategorisiert\/marineblaue-bomberjacke-mit-durchgehendem-reissverschluss-und-durchgehendem-reissverschluss\/"},"modified":"2026-05-04T17:20:41","modified_gmt":"2026-05-04T15:20:41","slug":"marineblaue-bomberjacke-mit-durchgehendem-reissverschluss-und-durchgehendem-reissverschluss","status":"publish","type":"product","link":"https:\/\/1stamerican.it\/de\/catalogo\/oberbekleidung-herren\/marineblaue-bomberjacke-mit-durchgehendem-reissverschluss-und-durchgehendem-reissverschluss\/","title":{"rendered":"Bomber jacke mit rei\u00dfverschluss blau navy"},"content":{"rendered":"<p>Lang\u00e4rmelige Bomberjacke f\u00fcr Herren mit durchgehendem Rei\u00dfverschluss<\/p>\n","protected":false},"excerpt":{"rendered":"<p>Lang\u00e4rmelige Bomberjacke f\u00fcr Herren mit durchgehendem Rei\u00dfverschluss<\/p>\n","protected":false},"featured_media":209726,"template":"","meta":[],"product_brand":[],"product_cat":[2055],"product_tag":[2416,2040],"class_list":{"0":"post-209717","1":"product","2":"type-product","3":"status-publish","4":"has-post-thumbnail","6":"product_cat-oberbekleidung-herren","7":"product_tag-100-nylon","8":"product_tag-kriegsmarine","9":"pa_vestibilita-klassisch","11":"first","12":"instock","13":"sale","14":"purchasable","15":"product-type-variable"},"_links":{"self":[{"href":"https:\/\/1stamerican.it\/de\/wp-json\/wp\/v2\/product\/209717","targetHints":{"allow":["GET"]}}],"collection":[{"href":"https:\/\/1stamerican.it\/de\/wp-json\/wp\/v2\/product"}],"about":[{"href":"https:\/\/1stamerican.it\/de\/wp-json\/wp\/v2\/types\/product"}],"wp:featuredmedia":[{"embeddable":true,"href":"https:\/\/1stamerican.it\/de\/wp-json\/wp\/v2\/media\/209726"}],"wp:attachment":[{"href":"https:\/\/1stamerican.it\/de\/wp-json\/wp\/v2\/media?parent=209717"}],"wp:term":[{"taxonomy":"product_brand","embeddable":true,"href":"https:\/\/1stamerican.it\/de\/wp-json\/wp\/v2\/product_brand?post=209717"},{"taxonomy":"product_cat","embeddable":true,"href":"https:\/\/1stamerican.it\/de\/wp-json\/wp\/v2\/product_cat?post=209717"},{"taxonomy":"product_tag","embeddable":true,"href":"https:\/\/1stamerican.it\/de\/wp-json\/wp\/v2\/product_tag?post=209717"}],"curies":[{"name":"wp","href":"https:\/\/api.w.org\/{rel}","templated":true}]}}