{"id":209560,"date":"2026-04-29T02:48:02","date_gmt":"2026-04-29T00:48:02","guid":{"rendered":"https:\/\/1stamerican.it\/catalogo\/unkategorisiert\/kaschmir-mouline-dreilagiger-pullover-mit-rundhalsausschnitt-fuer-herren-beige\/"},"modified":"2026-05-04T15:44:33","modified_gmt":"2026-05-04T13:44:33","slug":"kaschmir-mouline-dreilagiger-pullover-mit-rundhalsausschnitt-fuer-herren-beige","status":"publish","type":"product","link":"https:\/\/1stamerican.it\/de\/catalogo\/kaschmir-wolle-herren\/rundhals-pullover-kaschmir-wolle-herren\/kaschmir-mouline-dreilagiger-pullover-mit-rundhalsausschnitt-fuer-herren-beige\/","title":{"rendered":"Kaschmir moulin\u00e9 dreif\u00e4dig rundhalspullover mit langen \u00e4rmeln beige"},"content":{"rendered":"<p>Herrenpullover, Kaschmir-Moulin\u00e9-Pullover, Rundhalspullover, langarmiger Pullover, dreilagige Kaschmirwolle, 100 % in Italien hergestellt<\/p>\n","protected":false},"excerpt":{"rendered":"<p>Herrenpullover, Kaschmir-Moulin\u00e9-Pullover, Rundhalspullover, langarmiger Pullover, dreilagige Kaschmirwolle, 100 % in Italien hergestellt<\/p>\n","protected":false},"featured_media":212786,"template":"","meta":[],"product_brand":[],"product_cat":[2049,2144],"product_tag":[2423,2157,2031],"class_list":{"0":"post-209560","1":"product","2":"type-product","3":"status-publish","4":"has-post-thumbnail","6":"product_cat-kaschmir-wolle-herren","7":"product_cat-rundhals-pullover-kaschmir-wolle-herren","8":"product_tag-50-merinowolle-20-viskose-20-kaschmir-10-polyamid","9":"product_tag-beige","10":"product_tag-kaschmir-und-wolle","11":"pa_vestibilita-klassisch","13":"first","14":"instock","15":"sale","16":"purchasable","17":"product-type-variable"},"_links":{"self":[{"href":"https:\/\/1stamerican.it\/de\/wp-json\/wp\/v2\/product\/209560","targetHints":{"allow":["GET"]}}],"collection":[{"href":"https:\/\/1stamerican.it\/de\/wp-json\/wp\/v2\/product"}],"about":[{"href":"https:\/\/1stamerican.it\/de\/wp-json\/wp\/v2\/types\/product"}],"wp:featuredmedia":[{"embeddable":true,"href":"https:\/\/1stamerican.it\/de\/wp-json\/wp\/v2\/media\/212786"}],"wp:attachment":[{"href":"https:\/\/1stamerican.it\/de\/wp-json\/wp\/v2\/media?parent=209560"}],"wp:term":[{"taxonomy":"product_brand","embeddable":true,"href":"https:\/\/1stamerican.it\/de\/wp-json\/wp\/v2\/product_brand?post=209560"},{"taxonomy":"product_cat","embeddable":true,"href":"https:\/\/1stamerican.it\/de\/wp-json\/wp\/v2\/product_cat?post=209560"},{"taxonomy":"product_tag","embeddable":true,"href":"https:\/\/1stamerican.it\/de\/wp-json\/wp\/v2\/product_tag?post=209560"}],"curies":[{"name":"wp","href":"https:\/\/api.w.org\/{rel}","templated":true}]}}