{"id":209537,"date":"2026-04-05T01:31:51","date_gmt":"2026-04-04T23:31:51","guid":{"rendered":"https:\/\/1stamerican.it\/catalogo\/unkategorisiert\/schwarze-kaschmirmuetze-aus-glatter-wolle\/"},"modified":"2026-03-11T13:35:13","modified_gmt":"2026-03-11T12:35:13","slug":"schwarze-kaschmirmuetze-aus-glatter-wolle","status":"publish","type":"product","link":"https:\/\/1stamerican.it\/de\/catalogo\/nicht-kategorisiert\/schwarze-kaschmirmuetze-aus-glatter-wolle\/","title":{"rendered":"Schwarze Kaschmirm\u00fctze aus glatter Wolle"},"content":{"rendered":"<p>M\u00fctze aus glatter Wolle aus Kaschmir &#8211; Winterm\u00fctze aus reinem Kaschmir<\/p>\n","protected":false},"excerpt":{"rendered":"<p>M\u00fctze aus glatter Wolle aus Kaschmir &#8211; Winterm\u00fctze aus reinem Kaschmir<\/p>\n","protected":false},"featured_media":209538,"template":"","meta":[],"product_brand":[],"product_cat":[1550],"product_tag":[2032,2031,2060],"class_list":{"0":"post-209537","1":"product","2":"type-product","3":"status-publish","4":"has-post-thumbnail","6":"product_cat-nicht-kategorisiert","7":"product_tag-35-wolle-35-viskose-10-kaschmir-20-polyamid","8":"product_tag-kaschmir-und-wolle","9":"product_tag-schwarz","10":"pa_stagione-herbst-winter","11":"pa_vestibilita-klassisch","13":"first","14":"outofstock","15":"purchasable","16":"product-type-variable"},"_links":{"self":[{"href":"https:\/\/1stamerican.it\/de\/wp-json\/wp\/v2\/product\/209537","targetHints":{"allow":["GET"]}}],"collection":[{"href":"https:\/\/1stamerican.it\/de\/wp-json\/wp\/v2\/product"}],"about":[{"href":"https:\/\/1stamerican.it\/de\/wp-json\/wp\/v2\/types\/product"}],"wp:featuredmedia":[{"embeddable":true,"href":"https:\/\/1stamerican.it\/de\/wp-json\/wp\/v2\/media\/209538"}],"wp:attachment":[{"href":"https:\/\/1stamerican.it\/de\/wp-json\/wp\/v2\/media?parent=209537"}],"wp:term":[{"taxonomy":"product_brand","embeddable":true,"href":"https:\/\/1stamerican.it\/de\/wp-json\/wp\/v2\/product_brand?post=209537"},{"taxonomy":"product_cat","embeddable":true,"href":"https:\/\/1stamerican.it\/de\/wp-json\/wp\/v2\/product_cat?post=209537"},{"taxonomy":"product_tag","embeddable":true,"href":"https:\/\/1stamerican.it\/de\/wp-json\/wp\/v2\/product_tag?post=209537"}],"curies":[{"name":"wp","href":"https:\/\/api.w.org\/{rel}","templated":true}]}}