{"id":209472,"date":"2026-04-29T04:12:33","date_gmt":"2026-04-29T02:12:33","guid":{"rendered":"https:\/\/1stamerican.it\/catalogo\/unkategorisiert\/herren-kaschmirwolle-mit-breiter-gerippter-schlammkappe\/"},"modified":"2026-05-04T14:46:25","modified_gmt":"2026-05-04T12:46:25","slug":"herren-kaschmirwolle-mit-breiter-gerippter-schlammkappe","status":"publish","type":"product","link":"https:\/\/1stamerican.it\/de\/catalogo\/accessoires-herren\/kaschmir-hute-accessoires-herren\/herren-kaschmirwolle-mit-breiter-gerippter-schlammkappe\/","title":{"rendered":"Kaschmir wolle ripp h\u00fct schlammgrau"},"content":{"rendered":"<p>Made in Italy M\u00fctze aus Wolle und Kaschmir f\u00fcr Herren &#8211; warme Winterm\u00fctze mit breiten Rippen &#8211; M\u00fctze aus Kaschmirwolle<\/p>\n","protected":false},"excerpt":{"rendered":"<p>Made in Italy M\u00fctze aus Wolle und Kaschmir f\u00fcr Herren &#8211; warme Winterm\u00fctze mit breiten Rippen &#8211; M\u00fctze aus Kaschmirwolle<\/p>\n","protected":false},"featured_media":209475,"template":"","meta":[],"product_brand":[],"product_cat":[2026,2158],"product_tag":[2114,2031,2449],"class_list":{"0":"post-209472","1":"product","2":"type-product","3":"status-publish","4":"has-post-thumbnail","6":"product_cat-accessoires-herren","7":"product_cat-kaschmir-hute-accessoires-herren","8":"product_tag-80-wolle-20-kaschmir","9":"product_tag-kaschmir-und-wolle","10":"product_tag-schlamm","11":"pa_vestibilita-klassisch","13":"first","14":"instock","15":"purchasable","16":"product-type-variable"},"_links":{"self":[{"href":"https:\/\/1stamerican.it\/de\/wp-json\/wp\/v2\/product\/209472","targetHints":{"allow":["GET"]}}],"collection":[{"href":"https:\/\/1stamerican.it\/de\/wp-json\/wp\/v2\/product"}],"about":[{"href":"https:\/\/1stamerican.it\/de\/wp-json\/wp\/v2\/types\/product"}],"wp:featuredmedia":[{"embeddable":true,"href":"https:\/\/1stamerican.it\/de\/wp-json\/wp\/v2\/media\/209475"}],"wp:attachment":[{"href":"https:\/\/1stamerican.it\/de\/wp-json\/wp\/v2\/media?parent=209472"}],"wp:term":[{"taxonomy":"product_brand","embeddable":true,"href":"https:\/\/1stamerican.it\/de\/wp-json\/wp\/v2\/product_brand?post=209472"},{"taxonomy":"product_cat","embeddable":true,"href":"https:\/\/1stamerican.it\/de\/wp-json\/wp\/v2\/product_cat?post=209472"},{"taxonomy":"product_tag","embeddable":true,"href":"https:\/\/1stamerican.it\/de\/wp-json\/wp\/v2\/product_tag?post=209472"}],"curies":[{"name":"wp","href":"https:\/\/api.w.org\/{rel}","templated":true}]}}