{"id":209151,"date":"2026-04-29T03:05:44","date_gmt":"2026-04-29T01:05:44","guid":{"rendered":"https:\/\/1stamerican.it\/catalogo\/unkategorisiert\/ultraleichte-langarm-daunenjacke-fuer-herren-navy\/"},"modified":"2026-05-04T15:23:41","modified_gmt":"2026-05-04T13:23:41","slug":"ultraleichte-langarm-daunenjacke-fuer-herren-navy","status":"publish","type":"product","link":"https:\/\/1stamerican.it\/de\/catalogo\/oberbekleidung-herren\/daunen-jacken-100-gramm-oberbekleidung-herren\/ultraleichte-langarm-daunenjacke-fuer-herren-navy\/","title":{"rendered":"Daunen ultraleichte jacke mit langen \u00e4rmeln blau navy"},"content":{"rendered":"<p>Ultraleichte lang\u00e4rmelige Daunenjacke f\u00fcr Herren &#8211; 100 Gramm Daunenjacke mit Logo-Badge auf der Schulter<\/p>\n","protected":false},"excerpt":{"rendered":"<p>Ultraleichte lang\u00e4rmelige Daunenjacke f\u00fcr Herren &#8211; 100 Gramm Daunenjacke mit Logo-Badge auf der Schulter<\/p>\n","protected":false},"featured_media":204186,"template":"","meta":[],"product_brand":[],"product_cat":[2212,2055],"product_tag":[2040],"class_list":{"0":"post-209151","1":"product","2":"type-product","3":"status-publish","4":"has-post-thumbnail","6":"product_cat-daunen-jacken-100-gramm-oberbekleidung-herren","7":"product_cat-oberbekleidung-herren","8":"product_tag-kriegsmarine","9":"pa_vestibilita-klassisch","11":"first","12":"instock","13":"sale","14":"purchasable","15":"product-type-variable"},"_links":{"self":[{"href":"https:\/\/1stamerican.it\/de\/wp-json\/wp\/v2\/product\/209151","targetHints":{"allow":["GET"]}}],"collection":[{"href":"https:\/\/1stamerican.it\/de\/wp-json\/wp\/v2\/product"}],"about":[{"href":"https:\/\/1stamerican.it\/de\/wp-json\/wp\/v2\/types\/product"}],"wp:featuredmedia":[{"embeddable":true,"href":"https:\/\/1stamerican.it\/de\/wp-json\/wp\/v2\/media\/204186"}],"wp:attachment":[{"href":"https:\/\/1stamerican.it\/de\/wp-json\/wp\/v2\/media?parent=209151"}],"wp:term":[{"taxonomy":"product_brand","embeddable":true,"href":"https:\/\/1stamerican.it\/de\/wp-json\/wp\/v2\/product_brand?post=209151"},{"taxonomy":"product_cat","embeddable":true,"href":"https:\/\/1stamerican.it\/de\/wp-json\/wp\/v2\/product_cat?post=209151"},{"taxonomy":"product_tag","embeddable":true,"href":"https:\/\/1stamerican.it\/de\/wp-json\/wp\/v2\/product_tag?post=209151"}],"curies":[{"name":"wp","href":"https:\/\/api.w.org\/{rel}","templated":true}]}}