{"id":208844,"date":"2026-04-29T02:05:38","date_gmt":"2026-04-29T00:05:38","guid":{"rendered":"https:\/\/1stamerican.it\/catalogo\/unkategorisiert\/vierlagiger-rollkragenpullover-aus-100-kaschmir-mit-taupefarbenem-zopf\/"},"modified":"2026-05-04T17:17:09","modified_gmt":"2026-05-04T15:17:09","slug":"vierlagiger-rollkragenpullover-aus-100-kaschmir-mit-taupefarbenem-zopf","status":"publish","type":"product","link":"https:\/\/1stamerican.it\/de\/catalogo\/100-kaschmir-herren\/rollkragen-pullover-100-kaschmir-herren\/vierlagiger-rollkragenpullover-aus-100-kaschmir-mit-taupefarbenem-zopf\/","title":{"rendered":"100% Kaschmir dreif\u00e4dig rundhalspullover mit zopfmuster taubenbraun"},"content":{"rendered":"<p>Lang\u00e4rmeliger Rollkragenpullover aus 100 % Kaschmir f\u00fcr Herren mit Zopf &#8211; 3-lagiger Pullover aus 100 % reinem Kaschmir Made in Italy<\/p>\n","protected":false},"excerpt":{"rendered":"<p>Lang\u00e4rmeliger Rollkragenpullover aus 100 % Kaschmir f\u00fcr Herren mit Zopf &#8211; 3-lagiger Pullover aus 100 % reinem Kaschmir Made in Italy<\/p>\n","protected":false},"featured_media":213515,"template":"","meta":[],"product_brand":[],"product_cat":[2083,2073,2191],"product_tag":[2076,2075,2058],"class_list":{"0":"post-208844","1":"product","2":"type-product","3":"status-publish","4":"has-post-thumbnail","6":"product_cat-100-kaschmir-dreifaedig","7":"product_cat-100-kaschmir-herren","8":"product_cat-rollkragen-pullover-100-kaschmir-herren","9":"product_tag-100-kaschmir","10":"product_tag-kaschmir","11":"product_tag-turteltaube","12":"pa_vestibilita-klassisch","14":"first","15":"instock","16":"sale","17":"purchasable","18":"product-type-variable"},"_links":{"self":[{"href":"https:\/\/1stamerican.it\/de\/wp-json\/wp\/v2\/product\/208844","targetHints":{"allow":["GET"]}}],"collection":[{"href":"https:\/\/1stamerican.it\/de\/wp-json\/wp\/v2\/product"}],"about":[{"href":"https:\/\/1stamerican.it\/de\/wp-json\/wp\/v2\/types\/product"}],"wp:featuredmedia":[{"embeddable":true,"href":"https:\/\/1stamerican.it\/de\/wp-json\/wp\/v2\/media\/213515"}],"wp:attachment":[{"href":"https:\/\/1stamerican.it\/de\/wp-json\/wp\/v2\/media?parent=208844"}],"wp:term":[{"taxonomy":"product_brand","embeddable":true,"href":"https:\/\/1stamerican.it\/de\/wp-json\/wp\/v2\/product_brand?post=208844"},{"taxonomy":"product_cat","embeddable":true,"href":"https:\/\/1stamerican.it\/de\/wp-json\/wp\/v2\/product_cat?post=208844"},{"taxonomy":"product_tag","embeddable":true,"href":"https:\/\/1stamerican.it\/de\/wp-json\/wp\/v2\/product_tag?post=208844"}],"curies":[{"name":"wp","href":"https:\/\/api.w.org\/{rel}","templated":true}]}}