{"id":208821,"date":"2026-04-29T01:29:27","date_gmt":"2026-04-28T23:29:27","guid":{"rendered":"https:\/\/1stamerican.it\/catalogo\/unkategorisiert\/damen-kaschmir-wolle-breite-gerippte-lila-kappe\/"},"modified":"2026-05-04T17:53:40","modified_gmt":"2026-05-04T15:53:40","slug":"damen-kaschmir-wolle-breite-gerippte-lila-kappe","status":"publish","type":"product","link":"https:\/\/1stamerican.it\/de\/catalogo\/accessoires-damen\/kaschmir-hute-accessoires-damen\/damen-kaschmir-wolle-breite-gerippte-lila-kappe\/","title":{"rendered":"Kaschmir wolle ripp h\u00fct lila"},"content":{"rendered":"<p>Damen Kaschmir Wolle breite Rippkappe &#8211; Winterm\u00fctze 100% Made in Italy &#8211; Fl\u00fcgelhut<\/p>\n","protected":false},"excerpt":{"rendered":"<p>Damen Kaschmir Wolle breite Rippkappe &#8211; Winterm\u00fctze 100% Made in Italy &#8211; Fl\u00fcgelhut<\/p>\n","protected":false},"featured_media":208823,"template":"","meta":[],"product_brand":[],"product_cat":[2066,2214],"product_tag":[2423,2031,2103],"class_list":{"0":"post-208821","1":"product","2":"type-product","3":"status-publish","4":"has-post-thumbnail","6":"product_cat-accessoires-damen","7":"product_cat-kaschmir-hute-accessoires-damen","8":"product_tag-50-merinowolle-20-viskose-20-kaschmir-10-polyamid","9":"product_tag-kaschmir-und-wolle","10":"product_tag-violett","11":"pa_vestibilita-klassisch","13":"first","14":"instock","15":"purchasable","16":"product-type-variable"},"_links":{"self":[{"href":"https:\/\/1stamerican.it\/de\/wp-json\/wp\/v2\/product\/208821","targetHints":{"allow":["GET"]}}],"collection":[{"href":"https:\/\/1stamerican.it\/de\/wp-json\/wp\/v2\/product"}],"about":[{"href":"https:\/\/1stamerican.it\/de\/wp-json\/wp\/v2\/types\/product"}],"wp:featuredmedia":[{"embeddable":true,"href":"https:\/\/1stamerican.it\/de\/wp-json\/wp\/v2\/media\/208823"}],"wp:attachment":[{"href":"https:\/\/1stamerican.it\/de\/wp-json\/wp\/v2\/media?parent=208821"}],"wp:term":[{"taxonomy":"product_brand","embeddable":true,"href":"https:\/\/1stamerican.it\/de\/wp-json\/wp\/v2\/product_brand?post=208821"},{"taxonomy":"product_cat","embeddable":true,"href":"https:\/\/1stamerican.it\/de\/wp-json\/wp\/v2\/product_cat?post=208821"},{"taxonomy":"product_tag","embeddable":true,"href":"https:\/\/1stamerican.it\/de\/wp-json\/wp\/v2\/product_tag?post=208821"}],"curies":[{"name":"wp","href":"https:\/\/api.w.org\/{rel}","templated":true}]}}