{"id":208794,"date":"2026-04-29T01:29:27","date_gmt":"2026-04-28T23:29:27","guid":{"rendered":"https:\/\/1stamerican.it\/catalogo\/unkategorisiert\/kappe-aus-kaschmirwolle-mit-breiter-gerippter-gruener-kappe-fuer-damen\/"},"modified":"2026-05-04T17:17:49","modified_gmt":"2026-05-04T15:17:49","slug":"kappe-aus-kaschmirwolle-mit-breiter-gerippter-gruener-kappe-fuer-damen","status":"publish","type":"product","link":"https:\/\/1stamerican.it\/de\/catalogo\/accessoires-damen\/kaschmir-hute-accessoires-damen\/kappe-aus-kaschmirwolle-mit-breiter-gerippter-gruener-kappe-fuer-damen\/","title":{"rendered":"Kaschmir wolle ripp h\u00fct gr\u00fcn"},"content":{"rendered":"<p>Damen Kaschmir Wolle breite Rippkappe &#8211; Winterm\u00fctze 100% Made in Italy &#8211; Fl\u00fcgelhut<\/p>\n","protected":false},"excerpt":{"rendered":"<p>Damen Kaschmir Wolle breite Rippkappe &#8211; Winterm\u00fctze 100% Made in Italy &#8211; Fl\u00fcgelhut<\/p>\n","protected":false},"featured_media":208795,"template":"","meta":[],"product_brand":[],"product_cat":[2066,2214],"product_tag":[2423,2038,2031],"class_list":{"0":"post-208794","1":"product","2":"type-product","3":"status-publish","4":"has-post-thumbnail","6":"product_cat-accessoires-damen","7":"product_cat-kaschmir-hute-accessoires-damen","8":"product_tag-50-merinowolle-20-viskose-20-kaschmir-10-polyamid","9":"product_tag-grun","10":"product_tag-kaschmir-und-wolle","11":"pa_vestibilita-klassisch","13":"first","14":"instock","15":"purchasable","16":"product-type-variable"},"_links":{"self":[{"href":"https:\/\/1stamerican.it\/de\/wp-json\/wp\/v2\/product\/208794","targetHints":{"allow":["GET"]}}],"collection":[{"href":"https:\/\/1stamerican.it\/de\/wp-json\/wp\/v2\/product"}],"about":[{"href":"https:\/\/1stamerican.it\/de\/wp-json\/wp\/v2\/types\/product"}],"wp:featuredmedia":[{"embeddable":true,"href":"https:\/\/1stamerican.it\/de\/wp-json\/wp\/v2\/media\/208795"}],"wp:attachment":[{"href":"https:\/\/1stamerican.it\/de\/wp-json\/wp\/v2\/media?parent=208794"}],"wp:term":[{"taxonomy":"product_brand","embeddable":true,"href":"https:\/\/1stamerican.it\/de\/wp-json\/wp\/v2\/product_brand?post=208794"},{"taxonomy":"product_cat","embeddable":true,"href":"https:\/\/1stamerican.it\/de\/wp-json\/wp\/v2\/product_cat?post=208794"},{"taxonomy":"product_tag","embeddable":true,"href":"https:\/\/1stamerican.it\/de\/wp-json\/wp\/v2\/product_tag?post=208794"}],"curies":[{"name":"wp","href":"https:\/\/api.w.org\/{rel}","templated":true}]}}