{"id":208761,"date":"2026-04-29T01:05:44","date_gmt":"2026-04-28T23:05:44","guid":{"rendered":"https:\/\/1stamerican.it\/catalogo\/unkategorisiert\/kaschmir-mouline-dreilagiger-rollkragenpullover-fuer-herren-beige\/"},"modified":"2026-05-04T17:49:04","modified_gmt":"2026-05-04T15:49:04","slug":"kaschmir-mouline-dreilagiger-rollkragenpullover-fuer-herren-beige","status":"publish","type":"product","link":"https:\/\/1stamerican.it\/de\/catalogo\/kaschmir-wolle-herren\/rollkragen-pullover-kaschmir-wolle-herren\/kaschmir-mouline-dreilagiger-rollkragenpullover-fuer-herren-beige\/","title":{"rendered":"Kaschmir moulin\u00e9 dreif\u00e4dig rollkragen pullover beige"},"content":{"rendered":"<p>Kaschmir-Mouline-Dreireihen-Rollkragenpullover f\u00fcr Herren &#8211; Winterpullover aus Kaschmirwolle mit Rollkragenpullover 100% Made in Italy<\/p>\n","protected":false},"excerpt":{"rendered":"<p>Kaschmir-Mouline-Dreireihen-Rollkragenpullover f\u00fcr Herren &#8211; Winterpullover aus Kaschmirwolle mit Rollkragenpullover 100% Made in Italy<\/p>\n","protected":false},"featured_media":207288,"template":"","meta":[],"product_brand":[],"product_cat":[2049,2422],"product_tag":[2423,2157,2031],"class_list":{"0":"post-208761","1":"product","2":"type-product","3":"status-publish","4":"has-post-thumbnail","6":"product_cat-kaschmir-wolle-herren","7":"product_cat-rollkragen-pullover-kaschmir-wolle-herren","8":"product_tag-50-merinowolle-20-viskose-20-kaschmir-10-polyamid","9":"product_tag-beige","10":"product_tag-kaschmir-und-wolle","11":"pa_vestibilita-klassisch","13":"first","14":"instock","15":"sale","16":"purchasable","17":"product-type-variable"},"_links":{"self":[{"href":"https:\/\/1stamerican.it\/de\/wp-json\/wp\/v2\/product\/208761","targetHints":{"allow":["GET"]}}],"collection":[{"href":"https:\/\/1stamerican.it\/de\/wp-json\/wp\/v2\/product"}],"about":[{"href":"https:\/\/1stamerican.it\/de\/wp-json\/wp\/v2\/types\/product"}],"wp:featuredmedia":[{"embeddable":true,"href":"https:\/\/1stamerican.it\/de\/wp-json\/wp\/v2\/media\/207288"}],"wp:attachment":[{"href":"https:\/\/1stamerican.it\/de\/wp-json\/wp\/v2\/media?parent=208761"}],"wp:term":[{"taxonomy":"product_brand","embeddable":true,"href":"https:\/\/1stamerican.it\/de\/wp-json\/wp\/v2\/product_brand?post=208761"},{"taxonomy":"product_cat","embeddable":true,"href":"https:\/\/1stamerican.it\/de\/wp-json\/wp\/v2\/product_cat?post=208761"},{"taxonomy":"product_tag","embeddable":true,"href":"https:\/\/1stamerican.it\/de\/wp-json\/wp\/v2\/product_tag?post=208761"}],"curies":[{"name":"wp","href":"https:\/\/api.w.org\/{rel}","templated":true}]}}