{"id":208725,"date":"2026-04-29T01:01:11","date_gmt":"2026-04-28T23:01:11","guid":{"rendered":"https:\/\/1stamerican.it\/catalogo\/unkategorisiert\/damen-kappe-aus-100-reinem-kaschmir-in-fuchsia\/"},"modified":"2026-05-04T17:51:44","modified_gmt":"2026-05-04T15:51:44","slug":"damen-kappe-aus-100-reinem-kaschmir-in-fuchsia","status":"publish","type":"product","link":"https:\/\/1stamerican.it\/de\/catalogo\/accessoires-damen\/kaschmir-hute-accessoires-damen\/damen-kappe-aus-100-reinem-kaschmir-in-fuchsia\/","title":{"rendered":"100% Kaschmir h\u00fct fuchsia"},"content":{"rendered":"<p>Glatte Damenm\u00fctze aus 100% reinem Kaschmir mit Rippe am Rand &#8211; Winterm\u00fctze 100% Made in Italy &#8211; Hut aus reinem Kaschmir<\/p>\n","protected":false},"excerpt":{"rendered":"<p>Glatte Damenm\u00fctze aus 100% reinem Kaschmir mit Rippe am Rand &#8211; Winterm\u00fctze 100% Made in Italy &#8211; Hut aus reinem Kaschmir<\/p>\n","protected":false},"featured_media":208701,"template":"","meta":[],"product_brand":[],"product_cat":[2066,2214],"product_tag":[2076,2075],"class_list":{"0":"post-208725","1":"product","2":"type-product","3":"status-publish","4":"has-post-thumbnail","6":"product_cat-accessoires-damen","7":"product_cat-kaschmir-hute-accessoires-damen","8":"product_tag-100-kaschmir","9":"product_tag-kaschmir","10":"pa_vestibilita-klassisch","12":"first","13":"instock","14":"purchasable","15":"product-type-variable"},"_links":{"self":[{"href":"https:\/\/1stamerican.it\/de\/wp-json\/wp\/v2\/product\/208725","targetHints":{"allow":["GET"]}}],"collection":[{"href":"https:\/\/1stamerican.it\/de\/wp-json\/wp\/v2\/product"}],"about":[{"href":"https:\/\/1stamerican.it\/de\/wp-json\/wp\/v2\/types\/product"}],"wp:featuredmedia":[{"embeddable":true,"href":"https:\/\/1stamerican.it\/de\/wp-json\/wp\/v2\/media\/208701"}],"wp:attachment":[{"href":"https:\/\/1stamerican.it\/de\/wp-json\/wp\/v2\/media?parent=208725"}],"wp:term":[{"taxonomy":"product_brand","embeddable":true,"href":"https:\/\/1stamerican.it\/de\/wp-json\/wp\/v2\/product_brand?post=208725"},{"taxonomy":"product_cat","embeddable":true,"href":"https:\/\/1stamerican.it\/de\/wp-json\/wp\/v2\/product_cat?post=208725"},{"taxonomy":"product_tag","embeddable":true,"href":"https:\/\/1stamerican.it\/de\/wp-json\/wp\/v2\/product_tag?post=208725"}],"curies":[{"name":"wp","href":"https:\/\/api.w.org\/{rel}","templated":true}]}}