{"id":208678,"date":"2026-04-29T04:12:33","date_gmt":"2026-04-29T02:12:33","guid":{"rendered":"https:\/\/1stamerican.it\/catalogo\/unkategorisiert\/kappe-aus-kaschmirwolle-mit-breitem-ripp-in-blau-fuer-herren\/"},"modified":"2026-04-10T12:39:53","modified_gmt":"2026-04-10T10:39:53","slug":"kappe-aus-kaschmirwolle-mit-breitem-ripp-in-blau-fuer-herren","status":"publish","type":"product","link":"https:\/\/1stamerican.it\/de\/catalogo\/accessoires-herren\/kaschmir-hute-accessoires-herren\/kappe-aus-kaschmirwolle-mit-breitem-ripp-in-blau-fuer-herren\/","title":{"rendered":"Kaschmir wolle ripp h\u00fct blau"},"content":{"rendered":"<p>Made in Italy M\u00fctze aus Wolle und Kaschmir f\u00fcr Herren &#8211; warme Winterm\u00fctze mit breiten Rippen &#8211; M\u00fctze aus Kaschmirwolle<\/p>\n","protected":false},"excerpt":{"rendered":"<p>Made in Italy M\u00fctze aus Wolle und Kaschmir f\u00fcr Herren &#8211; warme Winterm\u00fctze mit breiten Rippen &#8211; M\u00fctze aus Kaschmirwolle<\/p>\n","protected":false},"featured_media":208679,"template":"","meta":[],"product_brand":[],"product_cat":[2026,2158],"product_tag":[2114,2070,2031],"class_list":{"0":"post-208678","1":"product","2":"type-product","3":"status-publish","4":"has-post-thumbnail","6":"product_cat-accessoires-herren","7":"product_cat-kaschmir-hute-accessoires-herren","8":"product_tag-80-wolle-20-kaschmir","9":"product_tag-blau","10":"product_tag-kaschmir-und-wolle","11":"pa_vestibilita-klassisch","13":"first","14":"instock","15":"purchasable","16":"product-type-variable"},"_links":{"self":[{"href":"https:\/\/1stamerican.it\/de\/wp-json\/wp\/v2\/product\/208678","targetHints":{"allow":["GET"]}}],"collection":[{"href":"https:\/\/1stamerican.it\/de\/wp-json\/wp\/v2\/product"}],"about":[{"href":"https:\/\/1stamerican.it\/de\/wp-json\/wp\/v2\/types\/product"}],"wp:featuredmedia":[{"embeddable":true,"href":"https:\/\/1stamerican.it\/de\/wp-json\/wp\/v2\/media\/208679"}],"wp:attachment":[{"href":"https:\/\/1stamerican.it\/de\/wp-json\/wp\/v2\/media?parent=208678"}],"wp:term":[{"taxonomy":"product_brand","embeddable":true,"href":"https:\/\/1stamerican.it\/de\/wp-json\/wp\/v2\/product_brand?post=208678"},{"taxonomy":"product_cat","embeddable":true,"href":"https:\/\/1stamerican.it\/de\/wp-json\/wp\/v2\/product_cat?post=208678"},{"taxonomy":"product_tag","embeddable":true,"href":"https:\/\/1stamerican.it\/de\/wp-json\/wp\/v2\/product_tag?post=208678"}],"curies":[{"name":"wp","href":"https:\/\/api.w.org\/{rel}","templated":true}]}}