{"id":207698,"date":"2026-04-29T00:48:02","date_gmt":"2026-04-28T22:48:02","guid":{"rendered":"https:\/\/1stamerican.it\/catalogo\/unkategorisiert\/kaschmir-seidenpullover-mit-halbem-kragen-und-reissverschluss-langaermelig-pflaume\/"},"modified":"2026-05-05T09:06:39","modified_gmt":"2026-05-05T07:06:39","slug":"kaschmir-seidenpullover-mit-halbem-kragen-und-reissverschluss-langaermelig-pflaume","status":"publish","type":"product","link":"https:\/\/1stamerican.it\/de\/catalogo\/kaschmir-seide-herren\/halbkragen-pullover-mit-reisverschluss-kaschmir-seide-herren\/kaschmir-seidenpullover-mit-halbem-kragen-und-reissverschluss-langaermelig-pflaume\/","title":{"rendered":"Kaschmir-Seidenpullover mit halbem Kragen und Rei\u00dfverschluss lang\u00e4rmelig pflaume"},"content":{"rendered":"<p>Herrenpullover aus Kaschmir und Seide mit halbem Ausschnitt und langen \u00c4rmeln &#8211; Winter Pullover mit halbem Rei\u00dfverschluss<\/p>\n","protected":false},"excerpt":{"rendered":"<p>Herrenpullover aus Kaschmir und Seide mit halbem Ausschnitt und langen \u00c4rmeln &#8211; Winter Pullover mit halbem Rei\u00dfverschluss<\/p>\n","protected":false},"featured_media":207686,"template":"","meta":[],"product_brand":[],"product_cat":[2151,2030],"product_tag":[2035,2034,2122],"class_list":{"0":"post-207698","1":"product","2":"type-product","3":"status-publish","4":"has-post-thumbnail","6":"product_cat-halbkragen-pullover-mit-reisverschluss-kaschmir-seide-herren","7":"product_cat-kaschmir-seide-herren","8":"product_tag-45-kaschmir-55-seide","9":"product_tag-kaschmir-und-seide","10":"product_tag-pflaume","11":"pa_vestibilita-klassisch","13":"first","14":"instock","15":"sale","16":"purchasable","17":"product-type-variable"},"_links":{"self":[{"href":"https:\/\/1stamerican.it\/de\/wp-json\/wp\/v2\/product\/207698","targetHints":{"allow":["GET"]}}],"collection":[{"href":"https:\/\/1stamerican.it\/de\/wp-json\/wp\/v2\/product"}],"about":[{"href":"https:\/\/1stamerican.it\/de\/wp-json\/wp\/v2\/types\/product"}],"wp:featuredmedia":[{"embeddable":true,"href":"https:\/\/1stamerican.it\/de\/wp-json\/wp\/v2\/media\/207686"}],"wp:attachment":[{"href":"https:\/\/1stamerican.it\/de\/wp-json\/wp\/v2\/media?parent=207698"}],"wp:term":[{"taxonomy":"product_brand","embeddable":true,"href":"https:\/\/1stamerican.it\/de\/wp-json\/wp\/v2\/product_brand?post=207698"},{"taxonomy":"product_cat","embeddable":true,"href":"https:\/\/1stamerican.it\/de\/wp-json\/wp\/v2\/product_cat?post=207698"},{"taxonomy":"product_tag","embeddable":true,"href":"https:\/\/1stamerican.it\/de\/wp-json\/wp\/v2\/product_tag?post=207698"}],"curies":[{"name":"wp","href":"https:\/\/api.w.org\/{rel}","templated":true}]}}