{"id":207607,"date":"2026-04-29T03:44:55","date_gmt":"2026-04-29T01:44:55","guid":{"rendered":"https:\/\/1stamerican.it\/catalogo\/unkategorisiert\/herrenpullover-aus-kaschmirwolle-mit-halbem-ausschnitt-und-reissverschluss-und-blauer-melange-borte\/"},"modified":"2026-05-04T14:48:53","modified_gmt":"2026-05-04T12:48:53","slug":"herrenpullover-aus-kaschmirwolle-mit-halbem-ausschnitt-und-reissverschluss-und-blauer-melange-borte","status":"publish","type":"product","link":"https:\/\/1stamerican.it\/de\/catalogo\/kaschmir-wolle-herren\/halbkragen-pullover-mit-reissverschluss-kaschmir-wolle-herren\/herrenpullover-aus-kaschmirwolle-mit-halbem-ausschnitt-und-reissverschluss-und-blauer-melange-borte\/","title":{"rendered":"Kaschmir wolle halbkragen pullover mit rei\u00dfverschluss hellblau"},"content":{"rendered":"<p>Herrenpullover aus Kaschmir und Wolle mit halbem Ausschnitt und langen \u00c4rmeln &#8211; Winterpullover aus Kaschmirwolle mit halbem Rei\u00dfverschluss<\/p>\n","protected":false},"excerpt":{"rendered":"<p>Herrenpullover aus Kaschmir und Wolle mit halbem Ausschnitt und langen \u00c4rmeln &#8211; Winterpullover aus Kaschmirwolle mit halbem Rei\u00dfverschluss<\/p>\n","protected":false},"featured_media":204084,"template":"","meta":[],"product_brand":[],"product_cat":[2220,2049],"product_tag":[2064,2051,2031],"class_list":{"0":"post-207607","1":"product","2":"type-product","3":"status-publish","4":"has-post-thumbnail","6":"product_cat-halbkragen-pullover-mit-reissverschluss-kaschmir-wolle-herren","7":"product_cat-kaschmir-wolle-herren","8":"product_tag-90-kaschmir-10-wolle","9":"product_tag-blau-meliert","10":"product_tag-kaschmir-und-wolle","11":"pa_vestibilita-klassisch","13":"first","14":"instock","15":"sale","16":"purchasable","17":"product-type-variable"},"_links":{"self":[{"href":"https:\/\/1stamerican.it\/de\/wp-json\/wp\/v2\/product\/207607","targetHints":{"allow":["GET"]}}],"collection":[{"href":"https:\/\/1stamerican.it\/de\/wp-json\/wp\/v2\/product"}],"about":[{"href":"https:\/\/1stamerican.it\/de\/wp-json\/wp\/v2\/types\/product"}],"wp:featuredmedia":[{"embeddable":true,"href":"https:\/\/1stamerican.it\/de\/wp-json\/wp\/v2\/media\/204084"}],"wp:attachment":[{"href":"https:\/\/1stamerican.it\/de\/wp-json\/wp\/v2\/media?parent=207607"}],"wp:term":[{"taxonomy":"product_brand","embeddable":true,"href":"https:\/\/1stamerican.it\/de\/wp-json\/wp\/v2\/product_brand?post=207607"},{"taxonomy":"product_cat","embeddable":true,"href":"https:\/\/1stamerican.it\/de\/wp-json\/wp\/v2\/product_cat?post=207607"},{"taxonomy":"product_tag","embeddable":true,"href":"https:\/\/1stamerican.it\/de\/wp-json\/wp\/v2\/product_tag?post=207607"}],"curies":[{"name":"wp","href":"https:\/\/api.w.org\/{rel}","templated":true}]}}