{"id":207577,"date":"2026-04-29T02:52:28","date_gmt":"2026-04-29T00:52:28","guid":{"rendered":"https:\/\/1stamerican.it\/catalogo\/unkategorisiert\/dreilagiger-cardigan-aus-100-kaschmir-mit-marineblauen-knoepfen\/"},"modified":"2026-05-04T15:25:17","modified_gmt":"2026-05-04T13:25:17","slug":"dreilagiger-cardigan-aus-100-kaschmir-mit-marineblauen-knoepfen","status":"publish","type":"product","link":"https:\/\/1stamerican.it\/de\/catalogo\/100-kaschmir-herren\/cardigan-100-kaschmir-herren\/dreilagiger-cardigan-aus-100-kaschmir-mit-marineblauen-knoepfen\/","title":{"rendered":"100% kaschmir dreif\u00e4dig strickjacke mit kn\u00f6pfen blau navy"},"content":{"rendered":"<p>Herrencardigan, 100 % Kaschmir, lang\u00e4rmelliger, reiner italienischer Kaschmirpullover, dreistr\u00e4ngiger Kaschmirpullover mit Kn\u00f6pfen, 100 % Made in Italy<\/p>\n","protected":false},"excerpt":{"rendered":"<p>Herrencardigan, 100 % Kaschmir, lang\u00e4rmelliger, reiner italienischer Kaschmirpullover, dreistr\u00e4ngiger Kaschmirpullover mit Kn\u00f6pfen, 100 % Made in Italy<\/p>\n","protected":false},"featured_media":204053,"template":"","meta":[],"product_brand":[],"product_cat":[2083,2073,2074],"product_tag":[2076,2075,2040],"class_list":{"0":"post-207577","1":"product","2":"type-product","3":"status-publish","4":"has-post-thumbnail","6":"product_cat-100-kaschmir-dreifaedig","7":"product_cat-100-kaschmir-herren","8":"product_cat-cardigan-100-kaschmir-herren","9":"product_tag-100-kaschmir","10":"product_tag-kaschmir","11":"product_tag-kriegsmarine","12":"pa_vestibilita-klassisch","14":"first","15":"instock","16":"sale","17":"purchasable","18":"product-type-variable"},"_links":{"self":[{"href":"https:\/\/1stamerican.it\/de\/wp-json\/wp\/v2\/product\/207577","targetHints":{"allow":["GET"]}}],"collection":[{"href":"https:\/\/1stamerican.it\/de\/wp-json\/wp\/v2\/product"}],"about":[{"href":"https:\/\/1stamerican.it\/de\/wp-json\/wp\/v2\/types\/product"}],"wp:featuredmedia":[{"embeddable":true,"href":"https:\/\/1stamerican.it\/de\/wp-json\/wp\/v2\/media\/204053"}],"wp:attachment":[{"href":"https:\/\/1stamerican.it\/de\/wp-json\/wp\/v2\/media?parent=207577"}],"wp:term":[{"taxonomy":"product_brand","embeddable":true,"href":"https:\/\/1stamerican.it\/de\/wp-json\/wp\/v2\/product_brand?post=207577"},{"taxonomy":"product_cat","embeddable":true,"href":"https:\/\/1stamerican.it\/de\/wp-json\/wp\/v2\/product_cat?post=207577"},{"taxonomy":"product_tag","embeddable":true,"href":"https:\/\/1stamerican.it\/de\/wp-json\/wp\/v2\/product_tag?post=207577"}],"curies":[{"name":"wp","href":"https:\/\/api.w.org\/{rel}","templated":true}]}}