{"id":207490,"date":"2026-04-29T03:04:52","date_gmt":"2026-04-29T01:04:52","guid":{"rendered":"https:\/\/1stamerican.it\/catalogo\/unkategorisiert\/poloshirt-aus-100-kaschmir-mit-drei-faeden-ohne-knoepfe-mit-langen-aermeln-weiss\/"},"modified":"2026-05-04T15:23:36","modified_gmt":"2026-05-04T13:23:36","slug":"poloshirt-aus-100-kaschmir-mit-drei-faeden-ohne-knoepfe-mit-langen-aermeln-weiss","status":"publish","type":"product","link":"https:\/\/1stamerican.it\/de\/catalogo\/100-kaschmir-dreifaedig\/poloshirt-aus-100-kaschmir-mit-drei-faeden-ohne-knoepfe-mit-langen-aermeln-weiss\/","title":{"rendered":"100% Kaschmir dreif\u00e4dig poloshirt ohne kn\u00f6pfe langen wei\u00df"},"content":{"rendered":"<p>Knopfloses Damen-Poloshirt mit langen \u00c4rmeln aus 100% italienischem Kaschmir &#8211; kurzer Pullover mit Polokragen aus reinem Kaschmir Made in Italy<\/p>\n","protected":false},"excerpt":{"rendered":"<p>Knopfloses Damen-Poloshirt mit langen \u00c4rmeln aus 100% italienischem Kaschmir &#8211; kurzer Pullover mit Polokragen aus reinem Kaschmir Made in Italy<\/p>\n","protected":false},"featured_media":210629,"template":"","meta":[],"product_brand":[],"product_cat":[2083,2188],"product_tag":[2076,2075,2106],"class_list":{"0":"post-207490","1":"product","2":"type-product","3":"status-publish","4":"has-post-thumbnail","6":"product_cat-100-kaschmir-dreifaedig","7":"product_cat-100-kaschmir-damen","8":"product_tag-100-kaschmir","9":"product_tag-kaschmir","10":"product_tag-weis","11":"pa_vestibilita-klassisch","13":"first","14":"instock","15":"sale","16":"purchasable","17":"product-type-variable"},"_links":{"self":[{"href":"https:\/\/1stamerican.it\/de\/wp-json\/wp\/v2\/product\/207490","targetHints":{"allow":["GET"]}}],"collection":[{"href":"https:\/\/1stamerican.it\/de\/wp-json\/wp\/v2\/product"}],"about":[{"href":"https:\/\/1stamerican.it\/de\/wp-json\/wp\/v2\/types\/product"}],"wp:featuredmedia":[{"embeddable":true,"href":"https:\/\/1stamerican.it\/de\/wp-json\/wp\/v2\/media\/210629"}],"wp:attachment":[{"href":"https:\/\/1stamerican.it\/de\/wp-json\/wp\/v2\/media?parent=207490"}],"wp:term":[{"taxonomy":"product_brand","embeddable":true,"href":"https:\/\/1stamerican.it\/de\/wp-json\/wp\/v2\/product_brand?post=207490"},{"taxonomy":"product_cat","embeddable":true,"href":"https:\/\/1stamerican.it\/de\/wp-json\/wp\/v2\/product_cat?post=207490"},{"taxonomy":"product_tag","embeddable":true,"href":"https:\/\/1stamerican.it\/de\/wp-json\/wp\/v2\/product_tag?post=207490"}],"curies":[{"name":"wp","href":"https:\/\/api.w.org\/{rel}","templated":true}]}}