{"id":207456,"date":"2026-04-29T03:00:17","date_gmt":"2026-04-29T01:00:17","guid":{"rendered":"https:\/\/1stamerican.it\/catalogo\/unkategorisiert\/langaermeliger-gruener-pullover-mit-rundhalsausschnitt-aus-100-kaschmir\/"},"modified":"2026-05-04T15:26:03","modified_gmt":"2026-05-04T13:26:03","slug":"langaermeliger-gruener-pullover-mit-rundhalsausschnitt-aus-100-kaschmir","status":"publish","type":"product","link":"https:\/\/1stamerican.it\/de\/catalogo\/100-kaschmir-herren\/rundhals-pullover-100-kaschmir-herren\/langaermeliger-gruener-pullover-mit-rundhalsausschnitt-aus-100-kaschmir\/","title":{"rendered":"100% kaschmir rundhalspullover mit langen \u00e4rmeln gr\u00fcn"},"content":{"rendered":"<p>Herrenpullover mit Rundhalsausschnitt und langen \u00c4rmeln aus 100 % Kaschmir &#8211; Winterpullover Made in Italy &#8211; Pullover aus 100 % Kaschmir<\/p>\n","protected":false},"excerpt":{"rendered":"<p>Herrenpullover mit Rundhalsausschnitt und langen \u00c4rmeln aus 100 % Kaschmir &#8211; Winterpullover Made in Italy &#8211; Pullover aus 100 % Kaschmir<\/p>\n","protected":false},"featured_media":207463,"template":"","meta":[],"product_brand":[],"product_cat":[2073,2079],"product_tag":[2076,2038,2075],"class_list":{"0":"post-207456","1":"product","2":"type-product","3":"status-publish","4":"has-post-thumbnail","6":"product_cat-100-kaschmir-herren","7":"product_cat-rundhals-pullover-100-kaschmir-herren","8":"product_tag-100-kaschmir","9":"product_tag-grun","10":"product_tag-kaschmir","11":"pa_vestibilita-klassisch","13":"first","14":"instock","15":"sale","16":"purchasable","17":"product-type-variable"},"_links":{"self":[{"href":"https:\/\/1stamerican.it\/de\/wp-json\/wp\/v2\/product\/207456","targetHints":{"allow":["GET"]}}],"collection":[{"href":"https:\/\/1stamerican.it\/de\/wp-json\/wp\/v2\/product"}],"about":[{"href":"https:\/\/1stamerican.it\/de\/wp-json\/wp\/v2\/types\/product"}],"wp:featuredmedia":[{"embeddable":true,"href":"https:\/\/1stamerican.it\/de\/wp-json\/wp\/v2\/media\/207463"}],"wp:attachment":[{"href":"https:\/\/1stamerican.it\/de\/wp-json\/wp\/v2\/media?parent=207456"}],"wp:term":[{"taxonomy":"product_brand","embeddable":true,"href":"https:\/\/1stamerican.it\/de\/wp-json\/wp\/v2\/product_brand?post=207456"},{"taxonomy":"product_cat","embeddable":true,"href":"https:\/\/1stamerican.it\/de\/wp-json\/wp\/v2\/product_cat?post=207456"},{"taxonomy":"product_tag","embeddable":true,"href":"https:\/\/1stamerican.it\/de\/wp-json\/wp\/v2\/product_tag?post=207456"}],"curies":[{"name":"wp","href":"https:\/\/api.w.org\/{rel}","templated":true}]}}