{"id":207418,"date":"2026-04-29T03:05:10","date_gmt":"2026-04-29T01:05:10","guid":{"rendered":"https:\/\/1stamerican.it\/catalogo\/unkategorisiert\/dreifaediges-poloshirt-ohne-knoepfe-aus-100-kaschmir-mit-langen-taupefarbenen-aermeln\/"},"modified":"2026-05-04T15:26:11","modified_gmt":"2026-05-04T13:26:11","slug":"dreifaediges-poloshirt-ohne-knoepfe-aus-100-kaschmir-mit-langen-taupefarbenen-aermeln","status":"publish","type":"product","link":"https:\/\/1stamerican.it\/de\/catalogo\/100-kaschmir-dreifaedig\/dreifaediges-poloshirt-ohne-knoepfe-aus-100-kaschmir-mit-langen-taupefarbenen-aermeln\/","title":{"rendered":"100% Kaschmir dreif\u00e4dig poloshirt ohne kn\u00f6pfe langen \u00e4rmeln"},"content":{"rendered":"<p>Knopfloses Damen-Poloshirt mit langen \u00c4rmeln aus 100% italienischem Kaschmir &#8211; kurzer Pullover mit Polokragen aus reinem Kaschmir Made in Italy<\/p>\n","protected":false},"excerpt":{"rendered":"<p>Knopfloses Damen-Poloshirt mit langen \u00c4rmeln aus 100% italienischem Kaschmir &#8211; kurzer Pullover mit Polokragen aus reinem Kaschmir Made in Italy<\/p>\n","protected":false},"featured_media":211662,"template":"","meta":[],"product_brand":[],"product_cat":[2083,2188],"product_tag":[2076,2075,2058],"class_list":{"0":"post-207418","1":"product","2":"type-product","3":"status-publish","4":"has-post-thumbnail","6":"product_cat-100-kaschmir-dreifaedig","7":"product_cat-100-kaschmir-damen","8":"product_tag-100-kaschmir","9":"product_tag-kaschmir","10":"product_tag-turteltaube","11":"pa_vestibilita-klassisch","13":"first","14":"instock","15":"sale","16":"purchasable","17":"product-type-variable"},"_links":{"self":[{"href":"https:\/\/1stamerican.it\/de\/wp-json\/wp\/v2\/product\/207418","targetHints":{"allow":["GET"]}}],"collection":[{"href":"https:\/\/1stamerican.it\/de\/wp-json\/wp\/v2\/product"}],"about":[{"href":"https:\/\/1stamerican.it\/de\/wp-json\/wp\/v2\/types\/product"}],"wp:featuredmedia":[{"embeddable":true,"href":"https:\/\/1stamerican.it\/de\/wp-json\/wp\/v2\/media\/211662"}],"wp:attachment":[{"href":"https:\/\/1stamerican.it\/de\/wp-json\/wp\/v2\/media?parent=207418"}],"wp:term":[{"taxonomy":"product_brand","embeddable":true,"href":"https:\/\/1stamerican.it\/de\/wp-json\/wp\/v2\/product_brand?post=207418"},{"taxonomy":"product_cat","embeddable":true,"href":"https:\/\/1stamerican.it\/de\/wp-json\/wp\/v2\/product_cat?post=207418"},{"taxonomy":"product_tag","embeddable":true,"href":"https:\/\/1stamerican.it\/de\/wp-json\/wp\/v2\/product_tag?post=207418"}],"curies":[{"name":"wp","href":"https:\/\/api.w.org\/{rel}","templated":true}]}}