{"id":207204,"date":"2026-04-29T03:49:55","date_gmt":"2026-04-29T01:49:55","guid":{"rendered":"https:\/\/1stamerican.it\/catalogo\/unkategorisiert\/damenoberteil-aus-100-crepe-du-chine-gruen-mit-rundhalsausschnitt\/"},"modified":"2026-05-04T14:49:28","modified_gmt":"2026-05-04T12:49:28","slug":"damenoberteil-aus-100-crepe-du-chine-gruen-mit-rundhalsausschnitt","status":"publish","type":"product","link":"https:\/\/1stamerican.it\/de\/catalogo\/100-seide-damen\/top-100-seide-damen\/damenoberteil-aus-100-crepe-du-chine-gruen-mit-rundhalsausschnitt\/","title":{"rendered":"100% Seide crepe du chine rundhal top gr\u00fcn"},"content":{"rendered":"<p>Gi\u00f2 Tedeschi Damenoberteil mit breiten Schultern aus 100% reiner Seide &#8211; Tanktop aus Seiden-Cr\u00eape du Chine mit Knopfverschluss auf der R\u00fcckseite<\/p>\n","protected":false},"excerpt":{"rendered":"<p>Gi\u00f2 Tedeschi Damenoberteil mit breiten Schultern aus 100% reiner Seide &#8211; Tanktop aus Seiden-Cr\u00eape du Chine mit Knopfverschluss auf der R\u00fcckseite<\/p>\n","protected":false},"featured_media":213556,"template":"","meta":[],"product_brand":[],"product_cat":[2189,2219],"product_tag":[2110,2038,2111],"class_list":{"0":"post-207204","1":"product","2":"type-product","3":"status-publish","4":"has-post-thumbnail","6":"product_cat-100-seide-damen","7":"product_cat-top-100-seide-damen","8":"product_tag-100-seide","9":"product_tag-grun","10":"product_tag-seide","11":"pa_vestibilita-klassisch","13":"first","14":"instock","15":"purchasable","16":"product-type-variable"},"_links":{"self":[{"href":"https:\/\/1stamerican.it\/de\/wp-json\/wp\/v2\/product\/207204","targetHints":{"allow":["GET"]}}],"collection":[{"href":"https:\/\/1stamerican.it\/de\/wp-json\/wp\/v2\/product"}],"about":[{"href":"https:\/\/1stamerican.it\/de\/wp-json\/wp\/v2\/types\/product"}],"wp:featuredmedia":[{"embeddable":true,"href":"https:\/\/1stamerican.it\/de\/wp-json\/wp\/v2\/media\/213556"}],"wp:attachment":[{"href":"https:\/\/1stamerican.it\/de\/wp-json\/wp\/v2\/media?parent=207204"}],"wp:term":[{"taxonomy":"product_brand","embeddable":true,"href":"https:\/\/1stamerican.it\/de\/wp-json\/wp\/v2\/product_brand?post=207204"},{"taxonomy":"product_cat","embeddable":true,"href":"https:\/\/1stamerican.it\/de\/wp-json\/wp\/v2\/product_cat?post=207204"},{"taxonomy":"product_tag","embeddable":true,"href":"https:\/\/1stamerican.it\/de\/wp-json\/wp\/v2\/product_tag?post=207204"}],"curies":[{"name":"wp","href":"https:\/\/api.w.org\/{rel}","templated":true}]}}