{"id":207091,"date":"2026-04-29T02:37:00","date_gmt":"2026-04-29T00:37:00","guid":{"rendered":"https:\/\/1stamerican.it\/catalogo\/unkategorisiert\/herren-herren-t-shirt-mit-rundhalsausschnitt-aus-100-baumwolljersey-marineblau-kurze-aermel\/"},"modified":"2026-05-04T15:47:25","modified_gmt":"2026-05-04T13:47:25","slug":"herren-herren-t-shirt-mit-rundhalsausschnitt-aus-100-baumwolljersey-marineblau-kurze-aermel","status":"publish","type":"product","link":"https:\/\/1stamerican.it\/de\/catalogo\/100-baumwolle-herren\/t-shirt-aus-baumwoll-jersey-100-baumwolle-herren\/herren-herren-t-shirt-mit-rundhalsausschnitt-aus-100-baumwolljersey-marineblau-kurze-aermel\/","title":{"rendered":"100% Baumwoll-jersey rundhals t-shirt kurz\u00e4rmeln blau navy"},"content":{"rendered":"<p>Herren-T-Shirt mit Crewneck aus 100 % italienischer Baumwolljersey, 100 % Baumwoll-T-Shirt, Halb\u00e4rmel-T-Shirt, ideal unter der Unterjacke, kurz\u00e4rmeliges T-Shirt aus reiner Bio-Baumwolle, sehr saugf\u00e4hig und atmungsaktiv.<\/p>\n","protected":false},"excerpt":{"rendered":"<p>Herren-T-Shirt mit Crewneck aus 100 % italienischer Baumwolljersey, 100 % Baumwoll-T-Shirt, Halb\u00e4rmel-T-Shirt, ideal unter der Unterjacke, kurz\u00e4rmeliges T-Shirt aus reiner Bio-Baumwolle, sehr saugf\u00e4hig und atmungsaktiv.<\/p>\n","protected":false},"featured_media":215652,"template":"","meta":[],"product_brand":[],"product_cat":[2204,2215],"product_tag":[2093,2095,2040],"class_list":{"0":"post-207091","1":"product","2":"type-product","3":"status-publish","4":"has-post-thumbnail","6":"product_cat-100-baumwolle-herren","7":"product_cat-t-shirt-aus-baumwoll-jersey-100-baumwolle-herren","8":"product_tag-100-baumwolle","9":"product_tag-baumwolle","10":"product_tag-kriegsmarine","11":"pa_vestibilita-klassisch","13":"first","14":"instock","15":"purchasable","16":"product-type-variable"},"_links":{"self":[{"href":"https:\/\/1stamerican.it\/de\/wp-json\/wp\/v2\/product\/207091","targetHints":{"allow":["GET"]}}],"collection":[{"href":"https:\/\/1stamerican.it\/de\/wp-json\/wp\/v2\/product"}],"about":[{"href":"https:\/\/1stamerican.it\/de\/wp-json\/wp\/v2\/types\/product"}],"wp:featuredmedia":[{"embeddable":true,"href":"https:\/\/1stamerican.it\/de\/wp-json\/wp\/v2\/media\/215652"}],"wp:attachment":[{"href":"https:\/\/1stamerican.it\/de\/wp-json\/wp\/v2\/media?parent=207091"}],"wp:term":[{"taxonomy":"product_brand","embeddable":true,"href":"https:\/\/1stamerican.it\/de\/wp-json\/wp\/v2\/product_brand?post=207091"},{"taxonomy":"product_cat","embeddable":true,"href":"https:\/\/1stamerican.it\/de\/wp-json\/wp\/v2\/product_cat?post=207091"},{"taxonomy":"product_tag","embeddable":true,"href":"https:\/\/1stamerican.it\/de\/wp-json\/wp\/v2\/product_tag?post=207091"}],"curies":[{"name":"wp","href":"https:\/\/api.w.org\/{rel}","templated":true}]}}