{"id":206915,"date":"2026-04-29T00:56:17","date_gmt":"2026-04-28T22:56:17","guid":{"rendered":"https:\/\/1stamerican.it\/catalogo\/unkategorisiert\/100-kaschmir-dreireihiger-pullover-mit-rundhalsausschnitt-lange-aermel-hellgrau\/"},"modified":"2026-05-04T17:50:56","modified_gmt":"2026-05-04T15:50:56","slug":"100-kaschmir-dreireihiger-pullover-mit-rundhalsausschnitt-lange-aermel-hellgrau","status":"publish","type":"product","link":"https:\/\/1stamerican.it\/de\/catalogo\/100-kaschmir-damen\/rundhals-pullover-100-kaschmir-damen\/100-kaschmir-dreireihiger-pullover-mit-rundhalsausschnitt-lange-aermel-hellgrau\/","title":{"rendered":"100% kaschmir dreif\u00e4dig rundhalspullover mit langen \u00e4rmeln hellgrau"},"content":{"rendered":"<p>Lang\u00e4rmeliger Damenpullover mit Rundhalsausschnitt aus 100% italienischem dreilagigem Kaschmir &#8211; reiner Kaschmirpullover Made in Italy<\/p>\n","protected":false},"excerpt":{"rendered":"<p>Lang\u00e4rmeliger Damenpullover mit Rundhalsausschnitt aus 100% italienischem dreilagigem Kaschmir &#8211; reiner Kaschmirpullover Made in Italy<\/p>\n","protected":false},"featured_media":210697,"template":"","meta":[],"product_brand":[],"product_cat":[2083,2188,2382],"product_tag":[2076,2075,2118],"class_list":{"0":"post-206915","1":"product","2":"type-product","3":"status-publish","4":"has-post-thumbnail","6":"product_cat-100-kaschmir-dreifaedig","7":"product_cat-100-kaschmir-damen","8":"product_cat-rundhals-pullover-100-kaschmir-damen","9":"product_tag-100-kaschmir","10":"product_tag-kaschmir","11":"product_tag-lichtgrau","12":"pa_vestibilita-klassisch","14":"first","15":"instock","16":"sale","17":"purchasable","18":"product-type-variable"},"_links":{"self":[{"href":"https:\/\/1stamerican.it\/de\/wp-json\/wp\/v2\/product\/206915","targetHints":{"allow":["GET"]}}],"collection":[{"href":"https:\/\/1stamerican.it\/de\/wp-json\/wp\/v2\/product"}],"about":[{"href":"https:\/\/1stamerican.it\/de\/wp-json\/wp\/v2\/types\/product"}],"wp:featuredmedia":[{"embeddable":true,"href":"https:\/\/1stamerican.it\/de\/wp-json\/wp\/v2\/media\/210697"}],"wp:attachment":[{"href":"https:\/\/1stamerican.it\/de\/wp-json\/wp\/v2\/media?parent=206915"}],"wp:term":[{"taxonomy":"product_brand","embeddable":true,"href":"https:\/\/1stamerican.it\/de\/wp-json\/wp\/v2\/product_brand?post=206915"},{"taxonomy":"product_cat","embeddable":true,"href":"https:\/\/1stamerican.it\/de\/wp-json\/wp\/v2\/product_cat?post=206915"},{"taxonomy":"product_tag","embeddable":true,"href":"https:\/\/1stamerican.it\/de\/wp-json\/wp\/v2\/product_tag?post=206915"}],"curies":[{"name":"wp","href":"https:\/\/api.w.org\/{rel}","templated":true}]}}