{"id":206579,"date":"2026-04-29T01:08:01","date_gmt":"2026-04-28T23:08:01","guid":{"rendered":"https:\/\/1stamerican.it\/catalogo\/unkategorisiert\/kaschmir-mouline-dreilagen-rollkragenpullover-fuer-herren-navy\/"},"modified":"2026-05-04T17:52:12","modified_gmt":"2026-05-04T15:52:12","slug":"kaschmir-mouline-dreilagen-rollkragenpullover-fuer-herren-navy","status":"publish","type":"product","link":"https:\/\/1stamerican.it\/de\/catalogo\/kaschmir-wolle-herren\/rollkragen-pullover-kaschmir-wolle-herren\/kaschmir-mouline-dreilagen-rollkragenpullover-fuer-herren-navy\/","title":{"rendered":"Kaschmir moulin\u00e9 dreif\u00e4dig rollkragen pullover blau navy"},"content":{"rendered":"<p>Kaschmir-Mouline-Dreireihen-Rollkragenpullover f\u00fcr Herren &#8211; Winterpullover aus Kaschmirwolle mit Rollkragenpullover 100% Made in Italy<\/p>\n","protected":false},"excerpt":{"rendered":"<p>Kaschmir-Mouline-Dreireihen-Rollkragenpullover f\u00fcr Herren &#8211; Winterpullover aus Kaschmirwolle mit Rollkragenpullover 100% Made in Italy<\/p>\n","protected":false},"featured_media":213200,"template":"","meta":[],"product_brand":[],"product_cat":[2049,2422],"product_tag":[2423,2031,2040],"class_list":{"0":"post-206579","1":"product","2":"type-product","3":"status-publish","4":"has-post-thumbnail","6":"product_cat-kaschmir-wolle-herren","7":"product_cat-rollkragen-pullover-kaschmir-wolle-herren","8":"product_tag-50-merinowolle-20-viskose-20-kaschmir-10-polyamid","9":"product_tag-kaschmir-und-wolle","10":"product_tag-kriegsmarine","11":"pa_vestibilita-klassisch","13":"first","14":"instock","15":"sale","16":"purchasable","17":"product-type-variable"},"_links":{"self":[{"href":"https:\/\/1stamerican.it\/de\/wp-json\/wp\/v2\/product\/206579","targetHints":{"allow":["GET"]}}],"collection":[{"href":"https:\/\/1stamerican.it\/de\/wp-json\/wp\/v2\/product"}],"about":[{"href":"https:\/\/1stamerican.it\/de\/wp-json\/wp\/v2\/types\/product"}],"wp:featuredmedia":[{"embeddable":true,"href":"https:\/\/1stamerican.it\/de\/wp-json\/wp\/v2\/media\/213200"}],"wp:attachment":[{"href":"https:\/\/1stamerican.it\/de\/wp-json\/wp\/v2\/media?parent=206579"}],"wp:term":[{"taxonomy":"product_brand","embeddable":true,"href":"https:\/\/1stamerican.it\/de\/wp-json\/wp\/v2\/product_brand?post=206579"},{"taxonomy":"product_cat","embeddable":true,"href":"https:\/\/1stamerican.it\/de\/wp-json\/wp\/v2\/product_cat?post=206579"},{"taxonomy":"product_tag","embeddable":true,"href":"https:\/\/1stamerican.it\/de\/wp-json\/wp\/v2\/product_tag?post=206579"}],"curies":[{"name":"wp","href":"https:\/\/api.w.org\/{rel}","templated":true}]}}