{"id":206436,"date":"2026-04-29T02:25:08","date_gmt":"2026-04-29T00:25:08","guid":{"rendered":"https:\/\/1stamerican.it\/catalogo\/unkategorisiert\/damenkleid-100-leinen-mit-weissen-knoepfen\/"},"modified":"2026-05-04T15:46:56","modified_gmt":"2026-05-04T13:46:56","slug":"damenkleid-100-leinen-mit-weissen-knoepfen","status":"publish","type":"product","link":"https:\/\/1stamerican.it\/de\/catalogo\/100-leinen-damen\/kleider-100-leinen-damen\/damenkleid-100-leinen-mit-weissen-knoepfen\/","title":{"rendered":"100% Leinen kleid mit kn\u00f6pfen wei\u00df"},"content":{"rendered":"<p>Damenkleid mit Kn\u00f6pfen 100% Leinen Made in Italy &#8211; kurz\u00e4rmeliges Kleid mit elastischem Bund &#8211; reines Leinen<\/p>\n","protected":false},"excerpt":{"rendered":"<p>Damenkleid mit Kn\u00f6pfen 100% Leinen Made in Italy &#8211; kurz\u00e4rmeliges Kleid mit elastischem Bund &#8211; reines Leinen<\/p>\n","protected":false},"featured_media":206441,"template":"","meta":[],"product_brand":[],"product_cat":[2126,2203],"product_tag":[2128,2129,2106],"class_list":{"0":"post-206436","1":"product","2":"type-product","3":"status-publish","4":"has-post-thumbnail","6":"product_cat-100-leinen-damen","7":"product_cat-kleider-100-leinen-damen","8":"product_tag-100-leinen","9":"product_tag-flachs","10":"product_tag-weis","11":"pa_vestibilita-klassisch","13":"first","14":"instock","15":"purchasable","16":"product-type-variable"},"_links":{"self":[{"href":"https:\/\/1stamerican.it\/de\/wp-json\/wp\/v2\/product\/206436","targetHints":{"allow":["GET"]}}],"collection":[{"href":"https:\/\/1stamerican.it\/de\/wp-json\/wp\/v2\/product"}],"about":[{"href":"https:\/\/1stamerican.it\/de\/wp-json\/wp\/v2\/types\/product"}],"wp:featuredmedia":[{"embeddable":true,"href":"https:\/\/1stamerican.it\/de\/wp-json\/wp\/v2\/media\/206441"}],"wp:attachment":[{"href":"https:\/\/1stamerican.it\/de\/wp-json\/wp\/v2\/media?parent=206436"}],"wp:term":[{"taxonomy":"product_brand","embeddable":true,"href":"https:\/\/1stamerican.it\/de\/wp-json\/wp\/v2\/product_brand?post=206436"},{"taxonomy":"product_cat","embeddable":true,"href":"https:\/\/1stamerican.it\/de\/wp-json\/wp\/v2\/product_cat?post=206436"},{"taxonomy":"product_tag","embeddable":true,"href":"https:\/\/1stamerican.it\/de\/wp-json\/wp\/v2\/product_tag?post=206436"}],"curies":[{"name":"wp","href":"https:\/\/api.w.org\/{rel}","templated":true}]}}