{"id":206427,"date":"2026-04-10T02:41:31","date_gmt":"2026-04-10T00:41:31","guid":{"rendered":"https:\/\/1stamerican.it\/catalogo\/unkategorisiert\/damenkleid-aus-100-leinen-mit-weissem-guertel\/"},"modified":"2026-04-10T12:56:56","modified_gmt":"2026-04-10T10:56:56","slug":"damenkleid-aus-100-leinen-mit-weissem-guertel","status":"publish","type":"product","link":"https:\/\/1stamerican.it\/de\/catalogo\/100-leinen-damen\/kleider-100-leinen-damen\/damenkleid-aus-100-leinen-mit-weissem-guertel\/","title":{"rendered":"100% Leinenkleid mit wei\u00dfem G\u00fcrtel"},"content":{"rendered":"<p>Damenkleid mit G\u00fcrtel 100% Leinen Made in Italy &#8211; Kleid mit Umschlag an den \u00c4rmeln und Spitzenverschluss &#8211; reines Leinen<\/p>\n","protected":false},"excerpt":{"rendered":"<p>Damenkleid mit G\u00fcrtel 100% Leinen Made in Italy &#8211; Kleid mit Umschlag an den \u00c4rmeln und Spitzenverschluss &#8211; reines Leinen<\/p>\n","protected":false},"featured_media":206429,"template":"","meta":[],"product_brand":[],"product_cat":[2126,2203],"product_tag":[2128,2129,2106],"class_list":{"0":"post-206427","1":"product","2":"type-product","3":"status-publish","4":"has-post-thumbnail","6":"product_cat-100-leinen-damen","7":"product_cat-kleider-100-leinen-damen","8":"product_tag-100-leinen","9":"product_tag-flachs","10":"product_tag-weis","11":"pa_vestibilita-klassisch","13":"first","14":"instock","15":"purchasable","16":"product-type-variable"},"_links":{"self":[{"href":"https:\/\/1stamerican.it\/de\/wp-json\/wp\/v2\/product\/206427","targetHints":{"allow":["GET"]}}],"collection":[{"href":"https:\/\/1stamerican.it\/de\/wp-json\/wp\/v2\/product"}],"about":[{"href":"https:\/\/1stamerican.it\/de\/wp-json\/wp\/v2\/types\/product"}],"wp:featuredmedia":[{"embeddable":true,"href":"https:\/\/1stamerican.it\/de\/wp-json\/wp\/v2\/media\/206429"}],"wp:attachment":[{"href":"https:\/\/1stamerican.it\/de\/wp-json\/wp\/v2\/media?parent=206427"}],"wp:term":[{"taxonomy":"product_brand","embeddable":true,"href":"https:\/\/1stamerican.it\/de\/wp-json\/wp\/v2\/product_brand?post=206427"},{"taxonomy":"product_cat","embeddable":true,"href":"https:\/\/1stamerican.it\/de\/wp-json\/wp\/v2\/product_cat?post=206427"},{"taxonomy":"product_tag","embeddable":true,"href":"https:\/\/1stamerican.it\/de\/wp-json\/wp\/v2\/product_tag?post=206427"}],"curies":[{"name":"wp","href":"https:\/\/api.w.org\/{rel}","templated":true}]}}