{"id":206303,"date":"2026-04-29T02:09:01","date_gmt":"2026-04-29T00:09:01","guid":{"rendered":"https:\/\/1stamerican.it\/catalogo\/unkategorisiert\/ultraleichte-marineblaue-aermellose-daunenjacke-fuer-herren\/"},"modified":"2026-05-04T17:17:19","modified_gmt":"2026-05-04T15:17:19","slug":"ultraleichte-marineblaue-aermellose-daunenjacke-fuer-herren","status":"publish","type":"product","link":"https:\/\/1stamerican.it\/de\/catalogo\/oberbekleidung-herren\/weste-100-gramm-oberbekleidung-herren\/ultraleichte-marineblaue-aermellose-daunenjacke-fuer-herren\/","title":{"rendered":"Daunen ultraleichte jacke \u00e4rmellose blau navy"},"content":{"rendered":"<p>Ultraleichte \u00e4rmellose Daunenjacke f\u00fcr Herren &#8211; Weste 100 Gramm<\/p>\n","protected":false},"excerpt":{"rendered":"<p>Ultraleichte \u00e4rmellose Daunenjacke f\u00fcr Herren &#8211; Weste 100 Gramm<\/p>\n","protected":false},"featured_media":204195,"template":"","meta":[],"product_brand":[],"product_cat":[2055,2213],"product_tag":[2416,2040],"class_list":{"0":"post-206303","1":"product","2":"type-product","3":"status-publish","4":"has-post-thumbnail","6":"product_cat-oberbekleidung-herren","7":"product_cat-weste-100-gramm-oberbekleidung-herren","8":"product_tag-100-nylon","9":"product_tag-kriegsmarine","10":"pa_vestibilita-klassisch","12":"first","13":"instock","14":"sale","15":"product-type-variable"},"_links":{"self":[{"href":"https:\/\/1stamerican.it\/de\/wp-json\/wp\/v2\/product\/206303","targetHints":{"allow":["GET"]}}],"collection":[{"href":"https:\/\/1stamerican.it\/de\/wp-json\/wp\/v2\/product"}],"about":[{"href":"https:\/\/1stamerican.it\/de\/wp-json\/wp\/v2\/types\/product"}],"wp:featuredmedia":[{"embeddable":true,"href":"https:\/\/1stamerican.it\/de\/wp-json\/wp\/v2\/media\/204195"}],"wp:attachment":[{"href":"https:\/\/1stamerican.it\/de\/wp-json\/wp\/v2\/media?parent=206303"}],"wp:term":[{"taxonomy":"product_brand","embeddable":true,"href":"https:\/\/1stamerican.it\/de\/wp-json\/wp\/v2\/product_brand?post=206303"},{"taxonomy":"product_cat","embeddable":true,"href":"https:\/\/1stamerican.it\/de\/wp-json\/wp\/v2\/product_cat?post=206303"},{"taxonomy":"product_tag","embeddable":true,"href":"https:\/\/1stamerican.it\/de\/wp-json\/wp\/v2\/product_tag?post=206303"}],"curies":[{"name":"wp","href":"https:\/\/api.w.org\/{rel}","templated":true}]}}