{"id":206210,"date":"2026-04-29T03:48:33","date_gmt":"2026-04-29T01:48:33","guid":{"rendered":"https:\/\/1stamerican.it\/catalogo\/unkategorisiert\/damenoberteil-aus-100-seide-crepe-du-chine-mit-rundhalsausschnitt-in-blau\/"},"modified":"2026-05-04T14:48:28","modified_gmt":"2026-05-04T12:48:28","slug":"damenoberteil-aus-100-seide-crepe-du-chine-mit-rundhalsausschnitt-in-blau","status":"publish","type":"product","link":"https:\/\/1stamerican.it\/de\/catalogo\/100-seide-damen\/top-100-seide-damen\/damenoberteil-aus-100-seide-crepe-du-chine-mit-rundhalsausschnitt-in-blau\/","title":{"rendered":"100% Seide crepe du chine rundhal top blau"},"content":{"rendered":"<p>Gi\u00f2 Tedeschi Damenoberteil mit breiten Schultern aus 100% reiner Seide &#8211; Tanktop aus Seiden-Cr\u00eape du Chine mit Knopfverschluss auf der R\u00fcckseite<\/p>\n","protected":false},"excerpt":{"rendered":"<p>Gi\u00f2 Tedeschi Damenoberteil mit breiten Schultern aus 100% reiner Seide &#8211; Tanktop aus Seiden-Cr\u00eape du Chine mit Knopfverschluss auf der R\u00fcckseite<\/p>\n","protected":false},"featured_media":213552,"template":"","meta":[],"product_brand":[],"product_cat":[2189,2219],"product_tag":[2110,2070,2111],"class_list":{"0":"post-206210","1":"product","2":"type-product","3":"status-publish","4":"has-post-thumbnail","6":"product_cat-100-seide-damen","7":"product_cat-top-100-seide-damen","8":"product_tag-100-seide","9":"product_tag-blau","10":"product_tag-seide","11":"pa_vestibilita-klassisch","13":"first","14":"instock","15":"purchasable","16":"product-type-variable"},"_links":{"self":[{"href":"https:\/\/1stamerican.it\/de\/wp-json\/wp\/v2\/product\/206210","targetHints":{"allow":["GET"]}}],"collection":[{"href":"https:\/\/1stamerican.it\/de\/wp-json\/wp\/v2\/product"}],"about":[{"href":"https:\/\/1stamerican.it\/de\/wp-json\/wp\/v2\/types\/product"}],"wp:featuredmedia":[{"embeddable":true,"href":"https:\/\/1stamerican.it\/de\/wp-json\/wp\/v2\/media\/213552"}],"wp:attachment":[{"href":"https:\/\/1stamerican.it\/de\/wp-json\/wp\/v2\/media?parent=206210"}],"wp:term":[{"taxonomy":"product_brand","embeddable":true,"href":"https:\/\/1stamerican.it\/de\/wp-json\/wp\/v2\/product_brand?post=206210"},{"taxonomy":"product_cat","embeddable":true,"href":"https:\/\/1stamerican.it\/de\/wp-json\/wp\/v2\/product_cat?post=206210"},{"taxonomy":"product_tag","embeddable":true,"href":"https:\/\/1stamerican.it\/de\/wp-json\/wp\/v2\/product_tag?post=206210"}],"curies":[{"name":"wp","href":"https:\/\/api.w.org\/{rel}","templated":true}]}}