{"id":206180,"date":"2026-04-29T02:29:44","date_gmt":"2026-04-29T00:29:44","guid":{"rendered":"https:\/\/1stamerican.it\/catalogo\/unkategorisiert\/damenoberteil-100-leinen-schmale-taupe-schulter\/"},"modified":"2026-05-04T15:43:23","modified_gmt":"2026-05-04T13:43:23","slug":"damenoberteil-100-leinen-schmale-taupe-schulter","status":"publish","type":"product","link":"https:\/\/1stamerican.it\/de\/catalogo\/100-leinen-damen\/t-shirt-100-leinen-damen\/damenoberteil-100-leinen-schmale-taupe-schulter\/","title":{"rendered":"100% Leinen top mit schmaler schulterpartie taubengrau"},"content":{"rendered":"<p>\u00c4rmelloses Tanktop aus 100 % Leinen f\u00fcr Damen Made in Italy &#8211; Oberteil mit asymmetrischer Taillennaht und Spitzenverschluss an den Schultern &#8211; \u00e4rmelloses T-Shirt aus reinem Leinen<\/p>\n","protected":false},"excerpt":{"rendered":"<p>\u00c4rmelloses Tanktop aus 100 % Leinen f\u00fcr Damen Made in Italy &#8211; Oberteil mit asymmetrischer Taillennaht und Spitzenverschluss an den Schultern &#8211; \u00e4rmelloses T-Shirt aus reinem Leinen<\/p>\n","protected":false},"featured_media":206188,"template":"","meta":[],"product_brand":[],"product_cat":[2126,2211],"product_tag":[2128,2129,2058],"class_list":{"0":"post-206180","1":"product","2":"type-product","3":"status-publish","4":"has-post-thumbnail","6":"product_cat-100-leinen-damen","7":"product_cat-t-shirt-100-leinen-damen","8":"product_tag-100-leinen","9":"product_tag-flachs","10":"product_tag-turteltaube","11":"pa_vestibilita-klassisch","13":"first","14":"instock","15":"purchasable","16":"product-type-variable"},"_links":{"self":[{"href":"https:\/\/1stamerican.it\/de\/wp-json\/wp\/v2\/product\/206180","targetHints":{"allow":["GET"]}}],"collection":[{"href":"https:\/\/1stamerican.it\/de\/wp-json\/wp\/v2\/product"}],"about":[{"href":"https:\/\/1stamerican.it\/de\/wp-json\/wp\/v2\/types\/product"}],"wp:featuredmedia":[{"embeddable":true,"href":"https:\/\/1stamerican.it\/de\/wp-json\/wp\/v2\/media\/206188"}],"wp:attachment":[{"href":"https:\/\/1stamerican.it\/de\/wp-json\/wp\/v2\/media?parent=206180"}],"wp:term":[{"taxonomy":"product_brand","embeddable":true,"href":"https:\/\/1stamerican.it\/de\/wp-json\/wp\/v2\/product_brand?post=206180"},{"taxonomy":"product_cat","embeddable":true,"href":"https:\/\/1stamerican.it\/de\/wp-json\/wp\/v2\/product_cat?post=206180"},{"taxonomy":"product_tag","embeddable":true,"href":"https:\/\/1stamerican.it\/de\/wp-json\/wp\/v2\/product_tag?post=206180"}],"curies":[{"name":"wp","href":"https:\/\/api.w.org\/{rel}","templated":true}]}}