{"id":206127,"date":"2026-04-29T03:17:33","date_gmt":"2026-04-29T01:17:33","guid":{"rendered":"https:\/\/1stamerican.it\/catalogo\/unkategorisiert\/herren-poloshirt-100-lisle-drei-knoepfe-kurzarm-weiss\/"},"modified":"2026-05-04T15:27:27","modified_gmt":"2026-05-04T13:27:27","slug":"herren-poloshirt-100-lisle-drei-knoepfe-kurzarm-weiss","status":"publish","type":"product","link":"https:\/\/1stamerican.it\/de\/catalogo\/100-baumwolle-herren\/poloshirt-aus-mercerisierter-baumwolle-100-baumwolle-herren\/herren-poloshirt-100-lisle-drei-knoepfe-kurzarm-weiss\/","title":{"rendered":"100% mercerisierter baumwolle kurzarm polohemd mit drei kn\u00f6pfen wei\u00df"},"content":{"rendered":"<p>Herren Poloshirt mit drei Kn\u00f6pfen Kurzarm 100% Baumwolle Lisle Baumwolle Halbarm-Poloshirt aus hochwertigem Premium-Lisle-Garn<\/p>\n","protected":false},"excerpt":{"rendered":"<p>Herren Poloshirt mit drei Kn\u00f6pfen Kurzarm 100% Baumwolle Lisle Baumwolle Halbarm-Poloshirt aus hochwertigem Premium-Lisle-Garn<\/p>\n","protected":false},"featured_media":206132,"template":"","meta":[],"product_brand":[],"product_cat":[2204,2186],"product_tag":[2093,2095,2106],"class_list":{"0":"post-206127","1":"product","2":"type-product","3":"status-publish","4":"has-post-thumbnail","6":"product_cat-100-baumwolle-herren","7":"product_cat-poloshirt-aus-mercerisierter-baumwolle-100-baumwolle-herren","8":"product_tag-100-baumwolle","9":"product_tag-baumwolle","10":"product_tag-weis","11":"pa_vestibilita-klassisch","13":"first","14":"instock","15":"purchasable","16":"product-type-variable"},"_links":{"self":[{"href":"https:\/\/1stamerican.it\/de\/wp-json\/wp\/v2\/product\/206127","targetHints":{"allow":["GET"]}}],"collection":[{"href":"https:\/\/1stamerican.it\/de\/wp-json\/wp\/v2\/product"}],"about":[{"href":"https:\/\/1stamerican.it\/de\/wp-json\/wp\/v2\/types\/product"}],"wp:featuredmedia":[{"embeddable":true,"href":"https:\/\/1stamerican.it\/de\/wp-json\/wp\/v2\/media\/206132"}],"wp:attachment":[{"href":"https:\/\/1stamerican.it\/de\/wp-json\/wp\/v2\/media?parent=206127"}],"wp:term":[{"taxonomy":"product_brand","embeddable":true,"href":"https:\/\/1stamerican.it\/de\/wp-json\/wp\/v2\/product_brand?post=206127"},{"taxonomy":"product_cat","embeddable":true,"href":"https:\/\/1stamerican.it\/de\/wp-json\/wp\/v2\/product_cat?post=206127"},{"taxonomy":"product_tag","embeddable":true,"href":"https:\/\/1stamerican.it\/de\/wp-json\/wp\/v2\/product_tag?post=206127"}],"curies":[{"name":"wp","href":"https:\/\/api.w.org\/{rel}","templated":true}]}}