{"id":205839,"date":"2026-04-29T02:36:32","date_gmt":"2026-04-29T00:36:32","guid":{"rendered":"https:\/\/1stamerican.it\/catalogo\/unkategorisiert\/herren-t-shirt-100-baumwolle-jersey-rundhalsausschnitt-kurzarm-mintgruen\/"},"modified":"2026-05-04T15:43:30","modified_gmt":"2026-05-04T13:43:30","slug":"herren-t-shirt-100-baumwolle-jersey-rundhalsausschnitt-kurzarm-mintgruen","status":"publish","type":"product","link":"https:\/\/1stamerican.it\/de\/catalogo\/100-baumwolle-herren\/t-shirt-aus-baumwoll-jersey-100-baumwolle-herren\/herren-t-shirt-100-baumwolle-jersey-rundhalsausschnitt-kurzarm-mintgruen\/","title":{"rendered":"100% Baumwoll-jersey rundhals t-shirt kurz\u00e4rmeln mintgr\u00fcn"},"content":{"rendered":"<p>Herren-T-Shirt mit Crewneck aus 100 % italienischer Baumwolljersey, 100 % Baumwoll-T-Shirt, Halb\u00e4rmel-T-Shirt, ideal unter der Unterjacke, kurz\u00e4rmeliges T-Shirt aus reiner Bio-Baumwolle, sehr saugf\u00e4hig und atmungsaktiv.<\/p>\n","protected":false},"excerpt":{"rendered":"<p>Herren-T-Shirt mit Crewneck aus 100 % italienischer Baumwolljersey, 100 % Baumwoll-T-Shirt, Halb\u00e4rmel-T-Shirt, ideal unter der Unterjacke, kurz\u00e4rmeliges T-Shirt aus reiner Bio-Baumwolle, sehr saugf\u00e4hig und atmungsaktiv.<\/p>\n","protected":false},"featured_media":205840,"template":"","meta":[],"product_brand":[],"product_cat":[2204,2215],"product_tag":[2093,2095,2408],"class_list":{"0":"post-205839","1":"product","2":"type-product","3":"status-publish","4":"has-post-thumbnail","6":"product_cat-100-baumwolle-herren","7":"product_cat-t-shirt-aus-baumwoll-jersey-100-baumwolle-herren","8":"product_tag-100-baumwolle","9":"product_tag-baumwolle","10":"product_tag-minzgrun","11":"pa_vestibilita-klassisch","13":"first","14":"instock","15":"purchasable","16":"product-type-variable"},"_links":{"self":[{"href":"https:\/\/1stamerican.it\/de\/wp-json\/wp\/v2\/product\/205839","targetHints":{"allow":["GET"]}}],"collection":[{"href":"https:\/\/1stamerican.it\/de\/wp-json\/wp\/v2\/product"}],"about":[{"href":"https:\/\/1stamerican.it\/de\/wp-json\/wp\/v2\/types\/product"}],"wp:featuredmedia":[{"embeddable":true,"href":"https:\/\/1stamerican.it\/de\/wp-json\/wp\/v2\/media\/205840"}],"wp:attachment":[{"href":"https:\/\/1stamerican.it\/de\/wp-json\/wp\/v2\/media?parent=205839"}],"wp:term":[{"taxonomy":"product_brand","embeddable":true,"href":"https:\/\/1stamerican.it\/de\/wp-json\/wp\/v2\/product_brand?post=205839"},{"taxonomy":"product_cat","embeddable":true,"href":"https:\/\/1stamerican.it\/de\/wp-json\/wp\/v2\/product_cat?post=205839"},{"taxonomy":"product_tag","embeddable":true,"href":"https:\/\/1stamerican.it\/de\/wp-json\/wp\/v2\/product_tag?post=205839"}],"curies":[{"name":"wp","href":"https:\/\/api.w.org\/{rel}","templated":true}]}}