{"id":205813,"date":"2026-04-29T02:36:11","date_gmt":"2026-04-29T00:36:11","guid":{"rendered":"https:\/\/1stamerican.it\/catalogo\/unkategorisiert\/herren-herren-kurzarm-t-shirt-aus-100-baumwolljersey-mit-rundhalsausschnitt-und-grauen-aermeln\/"},"modified":"2026-05-04T15:43:38","modified_gmt":"2026-05-04T13:43:38","slug":"herren-herren-kurzarm-t-shirt-aus-100-baumwolljersey-mit-rundhalsausschnitt-und-grauen-aermeln","status":"publish","type":"product","link":"https:\/\/1stamerican.it\/de\/catalogo\/100-baumwolle-herren\/t-shirt-aus-baumwoll-jersey-100-baumwolle-herren\/herren-herren-kurzarm-t-shirt-aus-100-baumwolljersey-mit-rundhalsausschnitt-und-grauen-aermeln\/","title":{"rendered":"100% Baumwoll-jersey rundhals t-shirt kurz\u00e4rmeln grau"},"content":{"rendered":"<p>Herren-T-Shirt mit Crewneck aus 100 % italienischer Baumwolljersey, 100 % Baumwoll-T-Shirt, Halb\u00e4rmel-T-Shirt, ideal unter der Unterjacke, kurz\u00e4rmeliges T-Shirt aus reiner Bio-Baumwolle, sehr saugf\u00e4hig und atmungsaktiv.<\/p>\n","protected":false},"excerpt":{"rendered":"<p>Herren-T-Shirt mit Crewneck aus 100 % italienischer Baumwolljersey, 100 % Baumwoll-T-Shirt, Halb\u00e4rmel-T-Shirt, ideal unter der Unterjacke, kurz\u00e4rmeliges T-Shirt aus reiner Bio-Baumwolle, sehr saugf\u00e4hig und atmungsaktiv.<\/p>\n","protected":false},"featured_media":205819,"template":"","meta":[],"product_brand":[],"product_cat":[2215],"product_tag":[2093,2095,2099],"class_list":{"0":"post-205813","1":"product","2":"type-product","3":"status-publish","4":"has-post-thumbnail","6":"product_cat-t-shirt-aus-baumwoll-jersey-100-baumwolle-herren","7":"product_tag-100-baumwolle","8":"product_tag-baumwolle","9":"product_tag-grau","10":"pa_vestibilita-klassisch","12":"first","13":"instock","14":"purchasable","15":"product-type-variable"},"_links":{"self":[{"href":"https:\/\/1stamerican.it\/de\/wp-json\/wp\/v2\/product\/205813","targetHints":{"allow":["GET"]}}],"collection":[{"href":"https:\/\/1stamerican.it\/de\/wp-json\/wp\/v2\/product"}],"about":[{"href":"https:\/\/1stamerican.it\/de\/wp-json\/wp\/v2\/types\/product"}],"wp:featuredmedia":[{"embeddable":true,"href":"https:\/\/1stamerican.it\/de\/wp-json\/wp\/v2\/media\/205819"}],"wp:attachment":[{"href":"https:\/\/1stamerican.it\/de\/wp-json\/wp\/v2\/media?parent=205813"}],"wp:term":[{"taxonomy":"product_brand","embeddable":true,"href":"https:\/\/1stamerican.it\/de\/wp-json\/wp\/v2\/product_brand?post=205813"},{"taxonomy":"product_cat","embeddable":true,"href":"https:\/\/1stamerican.it\/de\/wp-json\/wp\/v2\/product_cat?post=205813"},{"taxonomy":"product_tag","embeddable":true,"href":"https:\/\/1stamerican.it\/de\/wp-json\/wp\/v2\/product_tag?post=205813"}],"curies":[{"name":"wp","href":"https:\/\/api.w.org\/{rel}","templated":true}]}}