{"id":205740,"date":"2026-04-29T02:37:19","date_gmt":"2026-04-29T00:37:19","guid":{"rendered":"https:\/\/1stamerican.it\/catalogo\/unkategorisiert\/kurzaermeliges-schwarzes-herren-t-shirt-aus-100-baumwolljersey-mit-rundhalsausschnitt\/"},"modified":"2026-05-04T15:47:33","modified_gmt":"2026-05-04T13:47:33","slug":"kurzaermeliges-schwarzes-herren-t-shirt-aus-100-baumwolljersey-mit-rundhalsausschnitt","status":"publish","type":"product","link":"https:\/\/1stamerican.it\/de\/catalogo\/100-baumwolle-herren\/t-shirt-aus-baumwoll-jersey-100-baumwolle-herren\/kurzaermeliges-schwarzes-herren-t-shirt-aus-100-baumwolljersey-mit-rundhalsausschnitt\/","title":{"rendered":"100% Baumwoll-jersey rundhals t-shirt kurz\u00e4rmeln schwarz"},"content":{"rendered":"<p>Herren-T-Shirt mit Crewneck aus 100 % italienischer Baumwolljersey, 100 % Baumwoll-T-Shirt, Halb\u00e4rmel-T-Shirt, ideal unter der Unterjacke, kurz\u00e4rmeliges T-Shirt aus reiner Bio-Baumwolle, sehr saugf\u00e4hig und atmungsaktiv.<\/p>\n","protected":false},"excerpt":{"rendered":"<p>Herren-T-Shirt mit Crewneck aus 100 % italienischer Baumwolljersey, 100 % Baumwoll-T-Shirt, Halb\u00e4rmel-T-Shirt, ideal unter der Unterjacke, kurz\u00e4rmeliges T-Shirt aus reiner Bio-Baumwolle, sehr saugf\u00e4hig und atmungsaktiv.<\/p>\n","protected":false},"featured_media":205742,"template":"","meta":[],"product_brand":[],"product_cat":[2215],"product_tag":[2093,2095,2060],"class_list":{"0":"post-205740","1":"product","2":"type-product","3":"status-publish","4":"has-post-thumbnail","6":"product_cat-t-shirt-aus-baumwoll-jersey-100-baumwolle-herren","7":"product_tag-100-baumwolle","8":"product_tag-baumwolle","9":"product_tag-schwarz","10":"pa_vestibilita-klassisch","12":"first","13":"instock","14":"purchasable","15":"product-type-variable"},"_links":{"self":[{"href":"https:\/\/1stamerican.it\/de\/wp-json\/wp\/v2\/product\/205740","targetHints":{"allow":["GET"]}}],"collection":[{"href":"https:\/\/1stamerican.it\/de\/wp-json\/wp\/v2\/product"}],"about":[{"href":"https:\/\/1stamerican.it\/de\/wp-json\/wp\/v2\/types\/product"}],"wp:featuredmedia":[{"embeddable":true,"href":"https:\/\/1stamerican.it\/de\/wp-json\/wp\/v2\/media\/205742"}],"wp:attachment":[{"href":"https:\/\/1stamerican.it\/de\/wp-json\/wp\/v2\/media?parent=205740"}],"wp:term":[{"taxonomy":"product_brand","embeddable":true,"href":"https:\/\/1stamerican.it\/de\/wp-json\/wp\/v2\/product_brand?post=205740"},{"taxonomy":"product_cat","embeddable":true,"href":"https:\/\/1stamerican.it\/de\/wp-json\/wp\/v2\/product_cat?post=205740"},{"taxonomy":"product_tag","embeddable":true,"href":"https:\/\/1stamerican.it\/de\/wp-json\/wp\/v2\/product_tag?post=205740"}],"curies":[{"name":"wp","href":"https:\/\/api.w.org\/{rel}","templated":true}]}}