{"id":205522,"date":"2026-04-19T01:56:40","date_gmt":"2026-04-18T23:56:40","guid":{"rendered":"https:\/\/1stamerican.it\/catalogo\/unkategorisiert\/damenrock-aus-100-leinen-mit-rotem-guertelriemen\/"},"modified":"2026-04-10T16:22:22","modified_gmt":"2026-04-10T14:22:22","slug":"damenrock-aus-100-leinen-mit-rotem-guertelriemen","status":"publish","type":"product","link":"https:\/\/1stamerican.it\/de\/catalogo\/100-leinen-damen\/rocke-und-bermudashorts-100-leinen-damen\/damenrock-aus-100-leinen-mit-rotem-guertelriemen\/","title":{"rendered":"100% Leinen rock mit g\u00fcrtel rot"},"content":{"rendered":"<p>Damenrock 100% Leinen mit G\u00fcrtelschn\u00fcrung &#8211; kurzer Rock mit seitlicher Spitze reines Leinen 100% Made in Italy<\/p>\n","protected":false},"excerpt":{"rendered":"<p>Damenrock 100% Leinen mit G\u00fcrtelschn\u00fcrung &#8211; kurzer Rock mit seitlicher Spitze reines Leinen 100% Made in Italy<\/p>\n","protected":false},"featured_media":205528,"template":"","meta":[],"product_brand":[],"product_cat":[2126,2202],"product_tag":[2128,2129,2135],"class_list":{"0":"post-205522","1":"product","2":"type-product","3":"status-publish","4":"has-post-thumbnail","6":"product_cat-100-leinen-damen","7":"product_cat-rocke-und-bermudashorts-100-leinen-damen","8":"product_tag-100-leinen","9":"product_tag-flachs","10":"product_tag-rot","11":"pa_vestibilita-klassisch","13":"first","14":"instock","15":"purchasable","16":"product-type-variable"},"_links":{"self":[{"href":"https:\/\/1stamerican.it\/de\/wp-json\/wp\/v2\/product\/205522","targetHints":{"allow":["GET"]}}],"collection":[{"href":"https:\/\/1stamerican.it\/de\/wp-json\/wp\/v2\/product"}],"about":[{"href":"https:\/\/1stamerican.it\/de\/wp-json\/wp\/v2\/types\/product"}],"wp:featuredmedia":[{"embeddable":true,"href":"https:\/\/1stamerican.it\/de\/wp-json\/wp\/v2\/media\/205528"}],"wp:attachment":[{"href":"https:\/\/1stamerican.it\/de\/wp-json\/wp\/v2\/media?parent=205522"}],"wp:term":[{"taxonomy":"product_brand","embeddable":true,"href":"https:\/\/1stamerican.it\/de\/wp-json\/wp\/v2\/product_brand?post=205522"},{"taxonomy":"product_cat","embeddable":true,"href":"https:\/\/1stamerican.it\/de\/wp-json\/wp\/v2\/product_cat?post=205522"},{"taxonomy":"product_tag","embeddable":true,"href":"https:\/\/1stamerican.it\/de\/wp-json\/wp\/v2\/product_tag?post=205522"}],"curies":[{"name":"wp","href":"https:\/\/api.w.org\/{rel}","templated":true}]}}