{"id":205354,"date":"2026-04-10T03:56:02","date_gmt":"2026-04-10T01:56:02","guid":{"rendered":"https:\/\/1stamerican.it\/catalogo\/unkategorisiert\/herren-poloshirt-100-lisle-halbreissverschluss-kurzarm-jeans\/"},"modified":"2026-04-10T12:46:39","modified_gmt":"2026-04-10T10:46:39","slug":"herren-poloshirt-100-lisle-halbreissverschluss-kurzarm-jeans","status":"publish","type":"product","link":"https:\/\/1stamerican.it\/de\/catalogo\/100-baumwolle-herren\/poloshirt-aus-mercerisierter-baumwolle-100-baumwolle-herren\/herren-poloshirt-100-lisle-halbreissverschluss-kurzarm-jeans\/","title":{"rendered":"100% lisle kurzarm-polohemd mit halbem rei\u00dfverschluss blau jeans"},"content":{"rendered":"<p>Kurz\u00e4rmeliges Herren-Poloshirt mit halbem Rei\u00dfverschluss aus 100% Baumwolle Kurzarm-Poloshirt aus hochwertigem Premium-Lisle<\/p>\n","protected":false},"excerpt":{"rendered":"<p>Kurz\u00e4rmeliges Herren-Poloshirt mit halbem Rei\u00dfverschluss aus 100% Baumwolle Kurzarm-Poloshirt aus hochwertigem Premium-Lisle<\/p>\n","protected":false},"featured_media":205320,"template":"","meta":[],"product_brand":[],"product_cat":[2204,2186],"product_tag":[2093,2095,2169],"class_list":{"0":"post-205354","1":"product","2":"type-product","3":"status-publish","4":"has-post-thumbnail","6":"product_cat-100-baumwolle-herren","7":"product_cat-poloshirt-aus-mercerisierter-baumwolle-100-baumwolle-herren","8":"product_tag-100-baumwolle","9":"product_tag-baumwolle","10":"product_tag-jeans","11":"pa_vestibilita-klassisch","13":"first","14":"instock","15":"purchasable","16":"product-type-variable"},"_links":{"self":[{"href":"https:\/\/1stamerican.it\/de\/wp-json\/wp\/v2\/product\/205354","targetHints":{"allow":["GET"]}}],"collection":[{"href":"https:\/\/1stamerican.it\/de\/wp-json\/wp\/v2\/product"}],"about":[{"href":"https:\/\/1stamerican.it\/de\/wp-json\/wp\/v2\/types\/product"}],"wp:featuredmedia":[{"embeddable":true,"href":"https:\/\/1stamerican.it\/de\/wp-json\/wp\/v2\/media\/205320"}],"wp:attachment":[{"href":"https:\/\/1stamerican.it\/de\/wp-json\/wp\/v2\/media?parent=205354"}],"wp:term":[{"taxonomy":"product_brand","embeddable":true,"href":"https:\/\/1stamerican.it\/de\/wp-json\/wp\/v2\/product_brand?post=205354"},{"taxonomy":"product_cat","embeddable":true,"href":"https:\/\/1stamerican.it\/de\/wp-json\/wp\/v2\/product_cat?post=205354"},{"taxonomy":"product_tag","embeddable":true,"href":"https:\/\/1stamerican.it\/de\/wp-json\/wp\/v2\/product_tag?post=205354"}],"curies":[{"name":"wp","href":"https:\/\/api.w.org\/{rel}","templated":true}]}}