{"id":205252,"date":"2026-04-29T03:21:16","date_gmt":"2026-04-29T01:21:16","guid":{"rendered":"https:\/\/1stamerican.it\/catalogo\/unkategorisiert\/herren-poloshirt-100-lisle-half-zip-kurzarm-schwarz\/"},"modified":"2026-05-04T15:22:55","modified_gmt":"2026-05-04T13:22:55","slug":"herren-poloshirt-100-lisle-half-zip-kurzarm-schwarz","status":"publish","type":"product","link":"https:\/\/1stamerican.it\/de\/catalogo\/100-baumwolle-herren\/poloshirt-aus-mercerisierter-baumwolle-100-baumwolle-herren\/herren-poloshirt-100-lisle-half-zip-kurzarm-schwarz\/","title":{"rendered":"100% lisle kurzarm-polohemd mit halbem rei\u00dfverschluss schwarz"},"content":{"rendered":"<p>Kurz\u00e4rmeliges Herren-Poloshirt mit halbem Rei\u00dfverschluss aus 100% Baumwolle Kurzarm-Poloshirt aus hochwertigem Premium-Lisle<\/p>\n","protected":false},"excerpt":{"rendered":"<p>Kurz\u00e4rmeliges Herren-Poloshirt mit halbem Rei\u00dfverschluss aus 100% Baumwolle Kurzarm-Poloshirt aus hochwertigem Premium-Lisle<\/p>\n","protected":false},"featured_media":215648,"template":"","meta":[],"product_brand":[],"product_cat":[2204,2186],"product_tag":[2093,2095,2060],"class_list":{"0":"post-205252","1":"product","2":"type-product","3":"status-publish","4":"has-post-thumbnail","6":"product_cat-100-baumwolle-herren","7":"product_cat-poloshirt-aus-mercerisierter-baumwolle-100-baumwolle-herren","8":"product_tag-100-baumwolle","9":"product_tag-baumwolle","10":"product_tag-schwarz","11":"pa_vestibilita-klassisch","13":"first","14":"instock","15":"purchasable","16":"product-type-variable"},"_links":{"self":[{"href":"https:\/\/1stamerican.it\/de\/wp-json\/wp\/v2\/product\/205252","targetHints":{"allow":["GET"]}}],"collection":[{"href":"https:\/\/1stamerican.it\/de\/wp-json\/wp\/v2\/product"}],"about":[{"href":"https:\/\/1stamerican.it\/de\/wp-json\/wp\/v2\/types\/product"}],"wp:featuredmedia":[{"embeddable":true,"href":"https:\/\/1stamerican.it\/de\/wp-json\/wp\/v2\/media\/215648"}],"wp:attachment":[{"href":"https:\/\/1stamerican.it\/de\/wp-json\/wp\/v2\/media?parent=205252"}],"wp:term":[{"taxonomy":"product_brand","embeddable":true,"href":"https:\/\/1stamerican.it\/de\/wp-json\/wp\/v2\/product_brand?post=205252"},{"taxonomy":"product_cat","embeddable":true,"href":"https:\/\/1stamerican.it\/de\/wp-json\/wp\/v2\/product_cat?post=205252"},{"taxonomy":"product_tag","embeddable":true,"href":"https:\/\/1stamerican.it\/de\/wp-json\/wp\/v2\/product_tag?post=205252"}],"curies":[{"name":"wp","href":"https:\/\/api.w.org\/{rel}","templated":true}]}}