{"id":205147,"date":"2026-04-29T03:16:10","date_gmt":"2026-04-29T01:16:10","guid":{"rendered":"https:\/\/1stamerican.it\/catalogo\/unkategorisiert\/herren-poloshirt-100-baumwolle-pique-kurzarm-beige\/"},"modified":"2026-05-04T15:27:09","modified_gmt":"2026-05-04T13:27:09","slug":"herren-poloshirt-100-baumwolle-pique-kurzarm-beige","status":"publish","type":"product","link":"https:\/\/1stamerican.it\/de\/catalogo\/100-baumwolle-herren\/poloshirt-aus-baumwoll-pique-100-baumwolle-herren\/herren-poloshirt-100-baumwolle-pique-kurzarm-beige\/","title":{"rendered":"100% baumwolle-piqu\u00e9 kurzarm polohemd beige"},"content":{"rendered":"<p>Buttonless Poloshirt f\u00fcr Herren mit kurzen \u00c4rmeln aus 100 % Baumwolle Piqu\u00e9 Kurzarm-Poloshirt aus reiner Bio-Baumwolle, widerstandsf\u00e4hig und frisch<\/p>\n","protected":false},"excerpt":{"rendered":"<p>Buttonless Poloshirt f\u00fcr Herren mit kurzen \u00c4rmeln aus 100 % Baumwolle Piqu\u00e9 Kurzarm-Poloshirt aus reiner Bio-Baumwolle, widerstandsf\u00e4hig und frisch<\/p>\n","protected":false},"featured_media":205149,"template":"","meta":[],"product_brand":[],"product_cat":[2223],"product_tag":[2093,2095,2157],"class_list":{"0":"post-205147","1":"product","2":"type-product","3":"status-publish","4":"has-post-thumbnail","6":"product_cat-poloshirt-aus-baumwoll-pique-100-baumwolle-herren","7":"product_tag-100-baumwolle","8":"product_tag-baumwolle","9":"product_tag-beige","10":"pa_vestibilita-klassisch","12":"first","13":"instock","14":"purchasable","15":"product-type-variable"},"_links":{"self":[{"href":"https:\/\/1stamerican.it\/de\/wp-json\/wp\/v2\/product\/205147","targetHints":{"allow":["GET"]}}],"collection":[{"href":"https:\/\/1stamerican.it\/de\/wp-json\/wp\/v2\/product"}],"about":[{"href":"https:\/\/1stamerican.it\/de\/wp-json\/wp\/v2\/types\/product"}],"wp:featuredmedia":[{"embeddable":true,"href":"https:\/\/1stamerican.it\/de\/wp-json\/wp\/v2\/media\/205149"}],"wp:attachment":[{"href":"https:\/\/1stamerican.it\/de\/wp-json\/wp\/v2\/media?parent=205147"}],"wp:term":[{"taxonomy":"product_brand","embeddable":true,"href":"https:\/\/1stamerican.it\/de\/wp-json\/wp\/v2\/product_brand?post=205147"},{"taxonomy":"product_cat","embeddable":true,"href":"https:\/\/1stamerican.it\/de\/wp-json\/wp\/v2\/product_cat?post=205147"},{"taxonomy":"product_tag","embeddable":true,"href":"https:\/\/1stamerican.it\/de\/wp-json\/wp\/v2\/product_tag?post=205147"}],"curies":[{"name":"wp","href":"https:\/\/api.w.org\/{rel}","templated":true}]}}