{"id":205146,"date":"2026-04-29T03:12:43","date_gmt":"2026-04-29T01:12:43","guid":{"rendered":"https:\/\/1stamerican.it\/catalogo\/unkategorisiert\/herren-poloshirt-100-baumwolle-pique-tech-kurzarm-armeegruen\/"},"modified":"2026-05-04T15:24:11","modified_gmt":"2026-05-04T13:24:11","slug":"herren-poloshirt-100-baumwolle-pique-tech-kurzarm-armeegruen","status":"publish","type":"product","link":"https:\/\/1stamerican.it\/de\/catalogo\/100-baumwolle-herren\/poloshirt-aus-baumwoll-pique-100-baumwolle-herren\/herren-poloshirt-100-baumwolle-pique-tech-kurzarm-armeegruen\/","title":{"rendered":"100% baumwolle-piqu\u00e9 tech kurzarm polohemd army gr\u00fcn"},"content":{"rendered":"<p>Kurz\u00e4rmeliges Herren-Poloshirt mit drei Kn\u00f6pfen aus 100 % Tech-Baumwolle Piqu\u00e9 &#8211; Kurz\u00e4rmeliges Poloshirt aus reiner Bio-Baumwolle, widerstandsf\u00e4hig und frisch<\/p>\n","protected":false},"excerpt":{"rendered":"<p>Kurz\u00e4rmeliges Herren-Poloshirt mit drei Kn\u00f6pfen aus 100 % Tech-Baumwolle Piqu\u00e9 &#8211; Kurz\u00e4rmeliges Poloshirt aus reiner Bio-Baumwolle, widerstandsf\u00e4hig und frisch<\/p>\n","protected":false},"featured_media":205148,"template":"","meta":[],"product_brand":[],"product_cat":[2204,2223],"product_tag":[2093,2396,2095],"class_list":{"0":"post-205146","1":"product","2":"type-product","3":"status-publish","4":"has-post-thumbnail","6":"product_cat-100-baumwolle-herren","7":"product_cat-poloshirt-aus-baumwoll-pique-100-baumwolle-herren","8":"product_tag-100-baumwolle","9":"product_tag-armee","10":"product_tag-baumwolle","11":"pa_vestibilita-klassisch","13":"first","14":"instock","15":"purchasable","16":"product-type-variable"},"_links":{"self":[{"href":"https:\/\/1stamerican.it\/de\/wp-json\/wp\/v2\/product\/205146","targetHints":{"allow":["GET"]}}],"collection":[{"href":"https:\/\/1stamerican.it\/de\/wp-json\/wp\/v2\/product"}],"about":[{"href":"https:\/\/1stamerican.it\/de\/wp-json\/wp\/v2\/types\/product"}],"wp:featuredmedia":[{"embeddable":true,"href":"https:\/\/1stamerican.it\/de\/wp-json\/wp\/v2\/media\/205148"}],"wp:attachment":[{"href":"https:\/\/1stamerican.it\/de\/wp-json\/wp\/v2\/media?parent=205146"}],"wp:term":[{"taxonomy":"product_brand","embeddable":true,"href":"https:\/\/1stamerican.it\/de\/wp-json\/wp\/v2\/product_brand?post=205146"},{"taxonomy":"product_cat","embeddable":true,"href":"https:\/\/1stamerican.it\/de\/wp-json\/wp\/v2\/product_cat?post=205146"},{"taxonomy":"product_tag","embeddable":true,"href":"https:\/\/1stamerican.it\/de\/wp-json\/wp\/v2\/product_tag?post=205146"}],"curies":[{"name":"wp","href":"https:\/\/api.w.org\/{rel}","templated":true}]}}