{"id":205091,"date":"2026-04-29T02:56:02","date_gmt":"2026-04-29T00:56:02","guid":{"rendered":"https:\/\/1stamerican.it\/catalogo\/unkategorisiert\/damenkleid-aus-100-leinen-mit-hellgrauen-knoepfen\/"},"modified":"2026-05-04T15:25:39","modified_gmt":"2026-05-04T13:25:39","slug":"damenkleid-aus-100-leinen-mit-hellgrauen-knoepfen","status":"publish","type":"product","link":"https:\/\/1stamerican.it\/de\/catalogo\/100-leinen-damen\/kleider-100-leinen-damen\/damenkleid-aus-100-leinen-mit-hellgrauen-knoepfen\/","title":{"rendered":"100% Leinen kleid mit kn\u00f6pfen hellgrau"},"content":{"rendered":"<p>Damenkleid 100% Leinen mit Kn\u00f6pfen und G\u00fcrtel in der Taille &#8211; \u00e4rmelloses Puto Leinenkleid 100% Made in Italy<\/p>\n","protected":false},"excerpt":{"rendered":"<p>Damenkleid 100% Leinen mit Kn\u00f6pfen und G\u00fcrtel in der Taille &#8211; \u00e4rmelloses Puto Leinenkleid 100% Made in Italy<\/p>\n","protected":false},"featured_media":205095,"template":"","meta":[],"product_brand":[],"product_cat":[2126,2203],"product_tag":[2128,2129,2118],"class_list":{"0":"post-205091","1":"product","2":"type-product","3":"status-publish","4":"has-post-thumbnail","6":"product_cat-100-leinen-damen","7":"product_cat-kleider-100-leinen-damen","8":"product_tag-100-leinen","9":"product_tag-flachs","10":"product_tag-lichtgrau","11":"pa_vestibilita-klassisch","13":"first","14":"instock","15":"purchasable","16":"product-type-variable"},"_links":{"self":[{"href":"https:\/\/1stamerican.it\/de\/wp-json\/wp\/v2\/product\/205091","targetHints":{"allow":["GET"]}}],"collection":[{"href":"https:\/\/1stamerican.it\/de\/wp-json\/wp\/v2\/product"}],"about":[{"href":"https:\/\/1stamerican.it\/de\/wp-json\/wp\/v2\/types\/product"}],"wp:featuredmedia":[{"embeddable":true,"href":"https:\/\/1stamerican.it\/de\/wp-json\/wp\/v2\/media\/205095"}],"wp:attachment":[{"href":"https:\/\/1stamerican.it\/de\/wp-json\/wp\/v2\/media?parent=205091"}],"wp:term":[{"taxonomy":"product_brand","embeddable":true,"href":"https:\/\/1stamerican.it\/de\/wp-json\/wp\/v2\/product_brand?post=205091"},{"taxonomy":"product_cat","embeddable":true,"href":"https:\/\/1stamerican.it\/de\/wp-json\/wp\/v2\/product_cat?post=205091"},{"taxonomy":"product_tag","embeddable":true,"href":"https:\/\/1stamerican.it\/de\/wp-json\/wp\/v2\/product_tag?post=205091"}],"curies":[{"name":"wp","href":"https:\/\/api.w.org\/{rel}","templated":true}]}}